{"id":61,"date":"2022-10-03T08:49:31","date_gmt":"2022-10-03T08:49:31","guid":{"rendered":"https:\/\/boacustics.com\/?post_type=product&#038;p=61"},"modified":"2023-06-13T13:51:16","modified_gmt":"2023-06-13T13:51:16","slug":"beovision-14-55-mk3-sold","status":"publish","type":"product","link":"https:\/\/boacustics.com\/en\/producto\/beovision-14-55-mk3-sold\/","title":{"rendered":"BEOVISION 14-55 MK3"},"content":{"rendered":"<ul>\n<li>Beovision 14-55 MK3<\/li>\n<li>Type 8820<\/li>\n<li>Serial Number: 27928947<\/li>\n<li>Smart TV 4K<\/li>\n<li>Beoremote One BT<\/li>\n<li>OLED display<\/li>\n<li>Wall Mounting Bracket Motor<\/li>\n<li>Anti-reflective glass<\/li>\n<li>WISA Sound System DTS<\/li>\n<li>Aluminum Frame<\/li>\n<li>Front in black fabric.<\/li>\n<li>OAK Wood Front Option<\/li>\n<li>Option: floor stand or motorized support.<\/li>\n<li>Up-to-date software.<\/li>\n<li>1-year warranty.<\/li>\n<li>Sales Invoice<\/li>\n<li>Original Packaging with Pallet<\/li>\n<li>Shipping not included<\/li>\n<\/ul>","protected":false},"excerpt":{"rendered":"<p>Beovision 14-55 MK3 Type 8820 Serial Number: 27928947 Smart TV 4K Beoremote One BT Pantalla OLED Soporte de Pared Motor Cristal Antireflejo WISA Sound System DTS Marco Aluminio Frontal en tela negra. Opci\u00f3n Frontal en Madera OAK Opcion Soporte suelo caballete o motorizado. Software Actualizado. Garant\u00eda de 1 a\u00f1o. Factura de Venta Embalaje Original con [&hellip;]<\/p>\n","protected":false},"featured_media":1691,"comment_status":"open","ping_status":"closed","template":"","meta":{"_acf_changed":false,"inline_featured_image":false},"product_brand":[],"product_cat":[16],"product_tag":[19,21],"class_list":{"0":"post-61","1":"product","2":"type-product","3":"status-publish","4":"has-post-thumbnail","6":"product_cat-tv","7":"product_tag-beovision","8":"product_tag-tv","9":"product_shipping_class-mas-61-kg","11":"first","12":"instock","13":"sale","14":"sold-individually","15":"taxable","16":"shipping-taxable","17":"purchasable","18":"product-type-simple"},"acf":[],"yoast_head":"<!-- This site is optimized with the Yoast SEO plugin v27.5 - https:\/\/yoast.com\/product\/yoast-seo-wordpress\/ -->\n<title>BEOVISION 14-55 MK3 - BOAcustics<\/title>\n<meta name=\"robots\" content=\"index, follow, max-snippet:-1, max-image-preview:large, max-video-preview:-1\" \/>\n<link rel=\"canonical\" href=\"https:\/\/boacustics.com\/en\/product\/beovision-14-55-mk3-sold\/\" \/>\n<meta property=\"og:locale\" content=\"en_US\" \/>\n<meta property=\"og:type\" content=\"article\" \/>\n<meta property=\"og:title\" content=\"BEOVISION 14-55 MK3 - BOAcustics\" \/>\n<meta property=\"og:description\" content=\"Beovision 14-55 MK3 Type 8820 Serial Number: 27928947 Smart TV 4K Beoremote One BT Pantalla OLED Soporte de Pared Motor Cristal Antireflejo WISA Sound System DTS Marco Aluminio Frontal en tela negra. Opci\u00f3n Frontal en Madera OAK Opcion Soporte suelo caballete o motorizado. Software Actualizado. Garant\u00eda de 1 a\u00f1o. Factura de Venta Embalaje Original con [&hellip;]\" \/>\n<meta property=\"og:url\" content=\"https:\/\/boacustics.com\/en\/product\/beovision-14-55-mk3-sold\/\" \/>\n<meta property=\"og:site_name\" content=\"BOAcustics\" \/>\n<meta property=\"article:modified_time\" content=\"2023-06-13T13:51:16+00:00\" \/>\n<meta property=\"og:image\" content=\"https:\/\/boacustics.com\/wp-content\/uploads\/BEOVISION-14-55-MK3-1024x1024.jpg\" \/>\n\t<meta property=\"og:image:width\" content=\"1024\" \/>\n\t<meta property=\"og:image:height\" content=\"1024\" \/>\n\t<meta property=\"og:image:type\" content=\"image\/jpeg\" \/>\n<meta name=\"twitter:card\" content=\"summary_large_image\" \/>\n<meta name=\"twitter:label1\" content=\"Est. reading time\" \/>\n\t<meta name=\"twitter:data1\" content=\"1 minute\" \/>\n<script type=\"application\/ld+json\" class=\"yoast-schema-graph\">{\"@context\":\"https:\\\/\\\/schema.org\",\"@graph\":[{\"@type\":\"WebPage\",\"@id\":\"https:\\\/\\\/boacustics.com\\\/producto\\\/beovision-14-55-mk3-sold\\\/\",\"url\":\"https:\\\/\\\/boacustics.com\\\/producto\\\/beovision-14-55-mk3-sold\\\/\",\"name\":\"BEOVISION 14-55 MK3 - BOAcustics\",\"isPartOf\":{\"@id\":\"https:\\\/\\\/boacustics.com\\\/#website\"},\"primaryImageOfPage\":{\"@id\":\"https:\\\/\\\/boacustics.com\\\/producto\\\/beovision-14-55-mk3-sold\\\/#primaryimage\"},\"image\":{\"@id\":\"https:\\\/\\\/boacustics.com\\\/producto\\\/beovision-14-55-mk3-sold\\\/#primaryimage\"},\"thumbnailUrl\":\"https:\\\/\\\/boacustics.com\\\/wp-content\\\/uploads\\\/BEOVISION-14-55-MK3.jpg\",\"datePublished\":\"2022-10-03T08:49:31+00:00\",\"dateModified\":\"2023-06-13T13:51:16+00:00\",\"breadcrumb\":{\"@id\":\"https:\\\/\\\/boacustics.com\\\/producto\\\/beovision-14-55-mk3-sold\\\/#breadcrumb\"},\"inLanguage\":\"en-US\",\"potentialAction\":[{\"@type\":\"ReadAction\",\"target\":[\"https:\\\/\\\/boacustics.com\\\/producto\\\/beovision-14-55-mk3-sold\\\/\"]}]},{\"@type\":\"ImageObject\",\"inLanguage\":\"en-US\",\"@id\":\"https:\\\/\\\/boacustics.com\\\/producto\\\/beovision-14-55-mk3-sold\\\/#primaryimage\",\"url\":\"https:\\\/\\\/boacustics.com\\\/wp-content\\\/uploads\\\/BEOVISION-14-55-MK3.jpg\",\"contentUrl\":\"https:\\\/\\\/boacustics.com\\\/wp-content\\\/uploads\\\/BEOVISION-14-55-MK3.jpg\",\"width\":2000,\"height\":2000},{\"@type\":\"BreadcrumbList\",\"@id\":\"https:\\\/\\\/boacustics.com\\\/producto\\\/beovision-14-55-mk3-sold\\\/#breadcrumb\",\"itemListElement\":[{\"@type\":\"ListItem\",\"position\":1,\"name\":\"Portada\",\"item\":\"https:\\\/\\\/boacustics.com\\\/\"},{\"@type\":\"ListItem\",\"position\":2,\"name\":\"Tienda\",\"item\":\"https:\\\/\\\/boacustics.com\\\/tienda\\\/\"},{\"@type\":\"ListItem\",\"position\":3,\"name\":\"BEOVISION 14-55 MK3\"}]},{\"@type\":\"WebSite\",\"@id\":\"https:\\\/\\\/boacustics.com\\\/#website\",\"url\":\"https:\\\/\\\/boacustics.com\\\/\",\"name\":\"BOAcustics\",\"description\":\"Hi-Tech Feelings\",\"publisher\":{\"@id\":\"https:\\\/\\\/boacustics.com\\\/#organization\"},\"potentialAction\":[{\"@type\":\"SearchAction\",\"target\":{\"@type\":\"EntryPoint\",\"urlTemplate\":\"https:\\\/\\\/boacustics.com\\\/?s={search_term_string}\"},\"query-input\":{\"@type\":\"PropertyValueSpecification\",\"valueRequired\":true,\"valueName\":\"search_term_string\"}}],\"inLanguage\":\"en-US\"},{\"@type\":\"Organization\",\"@id\":\"https:\\\/\\\/boacustics.com\\\/#organization\",\"name\":\"BOAcustics\",\"url\":\"https:\\\/\\\/boacustics.com\\\/\",\"logo\":{\"@type\":\"ImageObject\",\"inLanguage\":\"en-US\",\"@id\":\"https:\\\/\\\/boacustics.com\\\/#\\\/schema\\\/logo\\\/image\\\/\",\"url\":\"https:\\\/\\\/boacustics.com\\\/wp-content\\\/uploads\\\/2022\\\/11\\\/logo-tv-monocromatico.svg\",\"contentUrl\":\"https:\\\/\\\/boacustics.com\\\/wp-content\\\/uploads\\\/2022\\\/11\\\/logo-tv-monocromatico.svg\",\"width\":1099,\"height\":316,\"caption\":\"BOAcustics\"},\"image\":{\"@id\":\"https:\\\/\\\/boacustics.com\\\/#\\\/schema\\\/logo\\\/image\\\/\"},\"sameAs\":[\"https:\\\/\\\/www.instagram.com\\\/boacustics\\\/\",\"https:\\\/\\\/www.youtube.com\\\/channel\\\/UCd42orIp5TyeS2DVI4B2IwQ\"]}]}<\/script>\n<!-- \/ Yoast SEO plugin. -->","yoast_head_json":{"title":"BEOVISION 14-55 MK3 - BOAcustics","robots":{"index":"index","follow":"follow","max-snippet":"max-snippet:-1","max-image-preview":"max-image-preview:large","max-video-preview":"max-video-preview:-1"},"canonical":"https:\/\/boacustics.com\/en\/product\/beovision-14-55-mk3-sold\/","og_locale":"en_US","og_type":"article","og_title":"BEOVISION 14-55 MK3 - BOAcustics","og_description":"Beovision 14-55 MK3 Type 8820 Serial Number: 27928947 Smart TV 4K Beoremote One BT Pantalla OLED Soporte de Pared Motor Cristal Antireflejo WISA Sound System DTS Marco Aluminio Frontal en tela negra. Opci\u00f3n Frontal en Madera OAK Opcion Soporte suelo caballete o motorizado. Software Actualizado. Garant\u00eda de 1 a\u00f1o. Factura de Venta Embalaje Original con [&hellip;]","og_url":"https:\/\/boacustics.com\/en\/product\/beovision-14-55-mk3-sold\/","og_site_name":"BOAcustics","article_modified_time":"2023-06-13T13:51:16+00:00","og_image":[{"width":1024,"height":1024,"url":"https:\/\/boacustics.com\/wp-content\/uploads\/BEOVISION-14-55-MK3-1024x1024.jpg","type":"image\/jpeg"}],"twitter_card":"summary_large_image","twitter_misc":{"Est. reading time":"1 minute"},"schema":{"@context":"https:\/\/schema.org","@graph":[{"@type":"WebPage","@id":"https:\/\/boacustics.com\/producto\/beovision-14-55-mk3-sold\/","url":"https:\/\/boacustics.com\/producto\/beovision-14-55-mk3-sold\/","name":"BEOVISION 14-55 MK3 - BOAcustics","isPartOf":{"@id":"https:\/\/boacustics.com\/#website"},"primaryImageOfPage":{"@id":"https:\/\/boacustics.com\/producto\/beovision-14-55-mk3-sold\/#primaryimage"},"image":{"@id":"https:\/\/boacustics.com\/producto\/beovision-14-55-mk3-sold\/#primaryimage"},"thumbnailUrl":"https:\/\/boacustics.com\/wp-content\/uploads\/BEOVISION-14-55-MK3.jpg","datePublished":"2022-10-03T08:49:31+00:00","dateModified":"2023-06-13T13:51:16+00:00","breadcrumb":{"@id":"https:\/\/boacustics.com\/producto\/beovision-14-55-mk3-sold\/#breadcrumb"},"inLanguage":"en-US","potentialAction":[{"@type":"ReadAction","target":["https:\/\/boacustics.com\/producto\/beovision-14-55-mk3-sold\/"]}]},{"@type":"ImageObject","inLanguage":"en-US","@id":"https:\/\/boacustics.com\/producto\/beovision-14-55-mk3-sold\/#primaryimage","url":"https:\/\/boacustics.com\/wp-content\/uploads\/BEOVISION-14-55-MK3.jpg","contentUrl":"https:\/\/boacustics.com\/wp-content\/uploads\/BEOVISION-14-55-MK3.jpg","width":2000,"height":2000},{"@type":"BreadcrumbList","@id":"https:\/\/boacustics.com\/producto\/beovision-14-55-mk3-sold\/#breadcrumb","itemListElement":[{"@type":"ListItem","position":1,"name":"Portada","item":"https:\/\/boacustics.com\/"},{"@type":"ListItem","position":2,"name":"Tienda","item":"https:\/\/boacustics.com\/tienda\/"},{"@type":"ListItem","position":3,"name":"BEOVISION 14-55 MK3"}]},{"@type":"WebSite","@id":"https:\/\/boacustics.com\/#website","url":"https:\/\/boacustics.com\/","name":"BOAcustics","description":"Hi-Tech Feelings","publisher":{"@id":"https:\/\/boacustics.com\/#organization"},"potentialAction":[{"@type":"SearchAction","target":{"@type":"EntryPoint","urlTemplate":"https:\/\/boacustics.com\/?s={search_term_string}"},"query-input":{"@type":"PropertyValueSpecification","valueRequired":true,"valueName":"search_term_string"}}],"inLanguage":"en-US"},{"@type":"Organization","@id":"https:\/\/boacustics.com\/#organization","name":"BOAcustics","url":"https:\/\/boacustics.com\/","logo":{"@type":"ImageObject","inLanguage":"en-US","@id":"https:\/\/boacustics.com\/#\/schema\/logo\/image\/","url":"https:\/\/boacustics.com\/wp-content\/uploads\/2022\/11\/logo-tv-monocromatico.svg","contentUrl":"https:\/\/boacustics.com\/wp-content\/uploads\/2022\/11\/logo-tv-monocromatico.svg","width":1099,"height":316,"caption":"BOAcustics"},"image":{"@id":"https:\/\/boacustics.com\/#\/schema\/logo\/image\/"},"sameAs":["https:\/\/www.instagram.com\/boacustics\/","https:\/\/www.youtube.com\/channel\/UCd42orIp5TyeS2DVI4B2IwQ"]}]}},"_links":{"self":[{"href":"https:\/\/boacustics.com\/en\/wp-json\/wp\/v2\/product\/61","targetHints":{"allow":["GET"]}}],"collection":[{"href":"https:\/\/boacustics.com\/en\/wp-json\/wp\/v2\/product"}],"about":[{"href":"https:\/\/boacustics.com\/en\/wp-json\/wp\/v2\/types\/product"}],"replies":[{"embeddable":true,"href":"https:\/\/boacustics.com\/en\/wp-json\/wp\/v2\/comments?post=61"}],"version-history":[{"count":0,"href":"https:\/\/boacustics.com\/en\/wp-json\/wp\/v2\/product\/61\/revisions"}],"wp:featuredmedia":[{"embeddable":true,"href":"https:\/\/boacustics.com\/en\/wp-json\/wp\/v2\/media\/1691"}],"wp:attachment":[{"href":"https:\/\/boacustics.com\/en\/wp-json\/wp\/v2\/media?parent=61"}],"wp:term":[{"taxonomy":"product_brand","embeddable":true,"href":"https:\/\/boacustics.com\/en\/wp-json\/wp\/v2\/product_brand?post=61"},{"taxonomy":"product_cat","embeddable":true,"href":"https:\/\/boacustics.com\/en\/wp-json\/wp\/v2\/product_cat?post=61"},{"taxonomy":"product_tag","embeddable":true,"href":"https:\/\/boacustics.com\/en\/wp-json\/wp\/v2\/product_tag?post=61"}],"curies":[{"name":"wp","href":"https:\/\/api.w.org\/{rel}","templated":true}]}}