{"id":1955,"date":"2025-03-21T18:00:48","date_gmt":"2025-03-21T18:00:48","guid":{"rendered":"https:\/\/boacustics.com\/?post_type=product&#038;p=1955"},"modified":"2026-02-01T21:58:52","modified_gmt":"2026-02-01T20:58:52","slug":"beolab-28-silver-oak","status":"publish","type":"product","link":"https:\/\/boacustics.com\/en\/producto\/beolab-28-silver-oak\/","title":{"rendered":"Beolab 28"},"content":{"rendered":"<ul>\n<li>BEOLAB 28 New<\/li>\n<li>Color Silver<\/li>\n<li>OAK wood front<\/li>\n<li>Subwoofer color Silver.<\/li>\n<li>Floor support.<\/li>\n<li>WISA connection.<\/li>\n<li>Interface for AirPlay2, Spotify, Bluetooth 5.0.<\/li>\n<li>Official sales invoice.<\/li>\n<li>Warranty 3 years.<\/li>\n<li>Original packaging.<\/li>\n<li>Shipping not included<\/li>\n<\/ul>","protected":false},"excerpt":{"rendered":"<p>BEOLAB 28 New Color Silver Front in wood OAK Subwofer Silver color. Floor stand. WISA connection. Interface for AirPlay2, Spotify, Bluetooth 5.0. Official sales invoice. Warranty 3 years. Original packaging. Shipping not included.<\/p>","protected":false},"featured_media":2080,"comment_status":"open","ping_status":"closed","template":"","meta":{"_acf_changed":false,"inline_featured_image":false},"product_brand":[],"product_cat":[26,36],"product_tag":[],"class_list":{"0":"post-1955","1":"product","2":"type-product","3":"status-publish","4":"has-post-thumbnail","6":"product_cat-altavoz","7":"product_cat-audio","9":"first","10":"instock","11":"sale","12":"taxable","13":"shipping-taxable","14":"purchasable","15":"product-type-simple"},"acf":[],"yoast_head":"<!-- This site is optimized with the Yoast SEO plugin v27.4 - https:\/\/yoast.com\/product\/yoast-seo-wordpress\/ -->\n<title>Beolab 28 - BOAcustics<\/title>\n<meta name=\"robots\" content=\"index, follow, max-snippet:-1, max-image-preview:large, max-video-preview:-1\" \/>\n<link rel=\"canonical\" href=\"https:\/\/boacustics.com\/en\/product\/beolab-28-silver-oak\/\" \/>\n<meta property=\"og:locale\" content=\"en_US\" \/>\n<meta property=\"og:type\" content=\"article\" \/>\n<meta property=\"og:title\" content=\"Beolab 28 - BOAcustics\" \/>\n<meta property=\"og:description\" content=\"BEOLAB 28 Nuevos Color Silver Frontal en madera OAK Subwofer color Silver. Soporte de suelo. Conexi\u00f3n WISA. Interface para AirPlay2, Spotify,Bluetooth 5.0. Factura de venta oficial. Garant\u00eda 3 a\u00f1os. Enalajes originales. Portes no incluidos.\" \/>\n<meta property=\"og:url\" content=\"https:\/\/boacustics.com\/en\/product\/beolab-28-silver-oak\/\" \/>\n<meta property=\"og:site_name\" content=\"BOAcustics\" \/>\n<meta property=\"article:modified_time\" content=\"2026-02-01T20:58:52+00:00\" \/>\n<meta property=\"og:image\" content=\"https:\/\/boacustics.com\/wp-content\/uploads\/Photoroom_20251023_175606.jpeg\" \/>\n\t<meta property=\"og:image:width\" content=\"1512\" \/>\n\t<meta property=\"og:image:height\" content=\"1512\" \/>\n\t<meta property=\"og:image:type\" content=\"image\/jpeg\" \/>\n<meta name=\"twitter:card\" content=\"summary_large_image\" \/>\n<meta name=\"twitter:label1\" content=\"Est. reading time\" \/>\n\t<meta name=\"twitter:data1\" content=\"1 minute\" \/>\n<script type=\"application\/ld+json\" class=\"yoast-schema-graph\">{\"@context\":\"https:\\\/\\\/schema.org\",\"@graph\":[{\"@type\":\"WebPage\",\"@id\":\"https:\\\/\\\/boacustics.com\\\/producto\\\/beolab-28-silver-oak\\\/\",\"url\":\"https:\\\/\\\/boacustics.com\\\/producto\\\/beolab-28-silver-oak\\\/\",\"name\":\"Beolab 28 - BOAcustics\",\"isPartOf\":{\"@id\":\"https:\\\/\\\/boacustics.com\\\/#website\"},\"primaryImageOfPage\":{\"@id\":\"https:\\\/\\\/boacustics.com\\\/producto\\\/beolab-28-silver-oak\\\/#primaryimage\"},\"image\":{\"@id\":\"https:\\\/\\\/boacustics.com\\\/producto\\\/beolab-28-silver-oak\\\/#primaryimage\"},\"thumbnailUrl\":\"https:\\\/\\\/boacustics.com\\\/wp-content\\\/uploads\\\/Photoroom_20251023_175606.jpeg\",\"datePublished\":\"2025-03-21T18:00:48+00:00\",\"dateModified\":\"2026-02-01T20:58:52+00:00\",\"breadcrumb\":{\"@id\":\"https:\\\/\\\/boacustics.com\\\/producto\\\/beolab-28-silver-oak\\\/#breadcrumb\"},\"inLanguage\":\"en-US\",\"potentialAction\":[{\"@type\":\"ReadAction\",\"target\":[\"https:\\\/\\\/boacustics.com\\\/producto\\\/beolab-28-silver-oak\\\/\"]}]},{\"@type\":\"ImageObject\",\"inLanguage\":\"en-US\",\"@id\":\"https:\\\/\\\/boacustics.com\\\/producto\\\/beolab-28-silver-oak\\\/#primaryimage\",\"url\":\"https:\\\/\\\/boacustics.com\\\/wp-content\\\/uploads\\\/Photoroom_20251023_175606.jpeg\",\"contentUrl\":\"https:\\\/\\\/boacustics.com\\\/wp-content\\\/uploads\\\/Photoroom_20251023_175606.jpeg\",\"width\":1512,\"height\":1512},{\"@type\":\"BreadcrumbList\",\"@id\":\"https:\\\/\\\/boacustics.com\\\/producto\\\/beolab-28-silver-oak\\\/#breadcrumb\",\"itemListElement\":[{\"@type\":\"ListItem\",\"position\":1,\"name\":\"Portada\",\"item\":\"https:\\\/\\\/boacustics.com\\\/\"},{\"@type\":\"ListItem\",\"position\":2,\"name\":\"Tienda\",\"item\":\"https:\\\/\\\/boacustics.com\\\/tienda\\\/\"},{\"@type\":\"ListItem\",\"position\":3,\"name\":\"Beolab 28\"}]},{\"@type\":\"WebSite\",\"@id\":\"https:\\\/\\\/boacustics.com\\\/#website\",\"url\":\"https:\\\/\\\/boacustics.com\\\/\",\"name\":\"BOAcustics\",\"description\":\"Hi-Tech Feelings\",\"publisher\":{\"@id\":\"https:\\\/\\\/boacustics.com\\\/#organization\"},\"potentialAction\":[{\"@type\":\"SearchAction\",\"target\":{\"@type\":\"EntryPoint\",\"urlTemplate\":\"https:\\\/\\\/boacustics.com\\\/?s={search_term_string}\"},\"query-input\":{\"@type\":\"PropertyValueSpecification\",\"valueRequired\":true,\"valueName\":\"search_term_string\"}}],\"inLanguage\":\"en-US\"},{\"@type\":\"Organization\",\"@id\":\"https:\\\/\\\/boacustics.com\\\/#organization\",\"name\":\"BOAcustics\",\"url\":\"https:\\\/\\\/boacustics.com\\\/\",\"logo\":{\"@type\":\"ImageObject\",\"inLanguage\":\"en-US\",\"@id\":\"https:\\\/\\\/boacustics.com\\\/#\\\/schema\\\/logo\\\/image\\\/\",\"url\":\"https:\\\/\\\/boacustics.com\\\/wp-content\\\/uploads\\\/2022\\\/11\\\/logo-tv-monocromatico.svg\",\"contentUrl\":\"https:\\\/\\\/boacustics.com\\\/wp-content\\\/uploads\\\/2022\\\/11\\\/logo-tv-monocromatico.svg\",\"width\":1099,\"height\":316,\"caption\":\"BOAcustics\"},\"image\":{\"@id\":\"https:\\\/\\\/boacustics.com\\\/#\\\/schema\\\/logo\\\/image\\\/\"},\"sameAs\":[\"https:\\\/\\\/www.instagram.com\\\/boacustics\\\/\",\"https:\\\/\\\/www.youtube.com\\\/channel\\\/UCd42orIp5TyeS2DVI4B2IwQ\"]}]}<\/script>\n<!-- \/ Yoast SEO plugin. -->","yoast_head_json":{"title":"Beolab 28 - BOAcustics","robots":{"index":"index","follow":"follow","max-snippet":"max-snippet:-1","max-image-preview":"max-image-preview:large","max-video-preview":"max-video-preview:-1"},"canonical":"https:\/\/boacustics.com\/en\/product\/beolab-28-silver-oak\/","og_locale":"en_US","og_type":"article","og_title":"Beolab 28 - BOAcustics","og_description":"BEOLAB 28 Nuevos Color Silver Frontal en madera OAK Subwofer color Silver. Soporte de suelo. Conexi\u00f3n WISA. Interface para AirPlay2, Spotify,Bluetooth 5.0. Factura de venta oficial. Garant\u00eda 3 a\u00f1os. Enalajes originales. Portes no incluidos.","og_url":"https:\/\/boacustics.com\/en\/product\/beolab-28-silver-oak\/","og_site_name":"BOAcustics","article_modified_time":"2026-02-01T20:58:52+00:00","og_image":[{"width":1512,"height":1512,"url":"https:\/\/boacustics.com\/wp-content\/uploads\/Photoroom_20251023_175606.jpeg","type":"image\/jpeg"}],"twitter_card":"summary_large_image","twitter_misc":{"Est. reading time":"1 minute"},"schema":{"@context":"https:\/\/schema.org","@graph":[{"@type":"WebPage","@id":"https:\/\/boacustics.com\/producto\/beolab-28-silver-oak\/","url":"https:\/\/boacustics.com\/producto\/beolab-28-silver-oak\/","name":"Beolab 28 - BOAcustics","isPartOf":{"@id":"https:\/\/boacustics.com\/#website"},"primaryImageOfPage":{"@id":"https:\/\/boacustics.com\/producto\/beolab-28-silver-oak\/#primaryimage"},"image":{"@id":"https:\/\/boacustics.com\/producto\/beolab-28-silver-oak\/#primaryimage"},"thumbnailUrl":"https:\/\/boacustics.com\/wp-content\/uploads\/Photoroom_20251023_175606.jpeg","datePublished":"2025-03-21T18:00:48+00:00","dateModified":"2026-02-01T20:58:52+00:00","breadcrumb":{"@id":"https:\/\/boacustics.com\/producto\/beolab-28-silver-oak\/#breadcrumb"},"inLanguage":"en-US","potentialAction":[{"@type":"ReadAction","target":["https:\/\/boacustics.com\/producto\/beolab-28-silver-oak\/"]}]},{"@type":"ImageObject","inLanguage":"en-US","@id":"https:\/\/boacustics.com\/producto\/beolab-28-silver-oak\/#primaryimage","url":"https:\/\/boacustics.com\/wp-content\/uploads\/Photoroom_20251023_175606.jpeg","contentUrl":"https:\/\/boacustics.com\/wp-content\/uploads\/Photoroom_20251023_175606.jpeg","width":1512,"height":1512},{"@type":"BreadcrumbList","@id":"https:\/\/boacustics.com\/producto\/beolab-28-silver-oak\/#breadcrumb","itemListElement":[{"@type":"ListItem","position":1,"name":"Portada","item":"https:\/\/boacustics.com\/"},{"@type":"ListItem","position":2,"name":"Tienda","item":"https:\/\/boacustics.com\/tienda\/"},{"@type":"ListItem","position":3,"name":"Beolab 28"}]},{"@type":"WebSite","@id":"https:\/\/boacustics.com\/#website","url":"https:\/\/boacustics.com\/","name":"BOAcustics","description":"Hi-Tech Feelings","publisher":{"@id":"https:\/\/boacustics.com\/#organization"},"potentialAction":[{"@type":"SearchAction","target":{"@type":"EntryPoint","urlTemplate":"https:\/\/boacustics.com\/?s={search_term_string}"},"query-input":{"@type":"PropertyValueSpecification","valueRequired":true,"valueName":"search_term_string"}}],"inLanguage":"en-US"},{"@type":"Organization","@id":"https:\/\/boacustics.com\/#organization","name":"BOAcustics","url":"https:\/\/boacustics.com\/","logo":{"@type":"ImageObject","inLanguage":"en-US","@id":"https:\/\/boacustics.com\/#\/schema\/logo\/image\/","url":"https:\/\/boacustics.com\/wp-content\/uploads\/2022\/11\/logo-tv-monocromatico.svg","contentUrl":"https:\/\/boacustics.com\/wp-content\/uploads\/2022\/11\/logo-tv-monocromatico.svg","width":1099,"height":316,"caption":"BOAcustics"},"image":{"@id":"https:\/\/boacustics.com\/#\/schema\/logo\/image\/"},"sameAs":["https:\/\/www.instagram.com\/boacustics\/","https:\/\/www.youtube.com\/channel\/UCd42orIp5TyeS2DVI4B2IwQ"]}]}},"_links":{"self":[{"href":"https:\/\/boacustics.com\/en\/wp-json\/wp\/v2\/product\/1955","targetHints":{"allow":["GET"]}}],"collection":[{"href":"https:\/\/boacustics.com\/en\/wp-json\/wp\/v2\/product"}],"about":[{"href":"https:\/\/boacustics.com\/en\/wp-json\/wp\/v2\/types\/product"}],"replies":[{"embeddable":true,"href":"https:\/\/boacustics.com\/en\/wp-json\/wp\/v2\/comments?post=1955"}],"version-history":[{"count":1,"href":"https:\/\/boacustics.com\/en\/wp-json\/wp\/v2\/product\/1955\/revisions"}],"predecessor-version":[{"id":2478,"href":"https:\/\/boacustics.com\/en\/wp-json\/wp\/v2\/product\/1955\/revisions\/2478"}],"wp:featuredmedia":[{"embeddable":true,"href":"https:\/\/boacustics.com\/en\/wp-json\/wp\/v2\/media\/2080"}],"wp:attachment":[{"href":"https:\/\/boacustics.com\/en\/wp-json\/wp\/v2\/media?parent=1955"}],"wp:term":[{"taxonomy":"product_brand","embeddable":true,"href":"https:\/\/boacustics.com\/en\/wp-json\/wp\/v2\/product_brand?post=1955"},{"taxonomy":"product_cat","embeddable":true,"href":"https:\/\/boacustics.com\/en\/wp-json\/wp\/v2\/product_cat?post=1955"},{"taxonomy":"product_tag","embeddable":true,"href":"https:\/\/boacustics.com\/en\/wp-json\/wp\/v2\/product_tag?post=1955"}],"curies":[{"name":"wp","href":"https:\/\/api.w.org\/{rel}","templated":true}]}}