{"id":137,"date":"2022-10-03T08:51:26","date_gmt":"2022-10-03T08:51:26","guid":{"rendered":"https:\/\/boacustics.com\/index.php\/producto\/beovision-4-85-nueva\/"},"modified":"2025-11-16T22:19:53","modified_gmt":"2025-11-16T22:19:53","slug":"beovision-4-85-new","status":"publish","type":"product","link":"https:\/\/boacustics.com\/en\/producto\/beovision-4-85-nueva\/","title":{"rendered":"BEOVISION 4-85 MK2"},"content":{"rendered":"<ul>\n<li>Bang&amp;Olufsen Beovision 4-85 screen.<\/li>\n<li>In perfect condition.<\/li>\n<li>Wall bracket.<\/li>\n<li>Beolab 10 Central Loudspeaker.<\/li>\n<li>BYS3 MK3-3D Processor.<\/li>\n<li>Official sales invoice.<\/li>\n<li>1-year warranty.<\/li>\n<li>Shipping NOT included.<\/li>\n<li>Installation not included.<\/li>\n<\/ul>","protected":false},"excerpt":{"rendered":"<p>Pantalla Bang&amp;Olufsen Beovision 4-85. En perfecto estado. Soporte de pared. Altavoz Central Beolab 10. Procesador BYS3 MK3-3D. Factura de venta oficial. Garant\u00eda de 1 a\u00f1o. Portes NO incluidos. Instalaci\u00f3n no incluida.<\/p>","protected":false},"featured_media":1435,"comment_status":"open","ping_status":"closed","template":"","meta":{"_acf_changed":false,"inline_featured_image":false},"product_brand":[],"product_cat":[26,16],"product_tag":[23,19,25,21],"class_list":{"0":"post-137","1":"product","2":"type-product","3":"status-publish","4":"has-post-thumbnail","6":"product_cat-altavoz","7":"product_cat-tv","8":"product_tag-altavoces","9":"product_tag-beovision","10":"product_tag-new","11":"product_tag-tv","12":"product_shipping_class-mas-61-kg","14":"first","15":"instock","16":"sale","17":"sold-individually","18":"taxable","19":"shipping-taxable","20":"purchasable","21":"product-type-simple"},"acf":[],"yoast_head":"<!-- This site is optimized with the Yoast SEO plugin v27.4 - https:\/\/yoast.com\/product\/yoast-seo-wordpress\/ -->\n<title>BEOVISION 4-85 MK2 - BOAcustics<\/title>\n<meta name=\"description\" content=\"Televisor Bang&amp;Olufsen Beovision 4-85 con soporte de pared y Beosystem 3 MK3-3D con altavoz central Beolab 10.\" \/>\n<meta name=\"robots\" content=\"index, follow, max-snippet:-1, max-image-preview:large, max-video-preview:-1\" \/>\n<link rel=\"canonical\" href=\"https:\/\/boacustics.com\/en\/product\/beovision-4-85-new\/\" \/>\n<meta property=\"og:locale\" content=\"en_US\" \/>\n<meta property=\"og:type\" content=\"article\" \/>\n<meta property=\"og:title\" content=\"BEOVISION 4-85 MK2 - BOAcustics\" \/>\n<meta property=\"og:description\" content=\"Televisor Bang&amp;Olufsen Beovision 4-85 con soporte de pared y Beosystem 3 MK3-3D con altavoz central Beolab 10.\" \/>\n<meta property=\"og:url\" content=\"https:\/\/boacustics.com\/en\/product\/beovision-4-85-new\/\" \/>\n<meta property=\"og:site_name\" content=\"BOAcustics\" \/>\n<meta property=\"article:modified_time\" content=\"2025-11-16T22:19:53+00:00\" \/>\n<meta property=\"og:image\" content=\"https:\/\/boacustics.com\/wp-content\/uploads\/BEOVISION-4-85.jpg\" \/>\n\t<meta property=\"og:image:width\" content=\"1300\" \/>\n\t<meta property=\"og:image:height\" content=\"1300\" \/>\n\t<meta property=\"og:image:type\" content=\"image\/jpeg\" \/>\n<meta name=\"twitter:card\" content=\"summary_large_image\" \/>\n<meta name=\"twitter:label1\" content=\"Est. reading time\" \/>\n\t<meta name=\"twitter:data1\" content=\"1 minute\" \/>\n<script type=\"application\/ld+json\" class=\"yoast-schema-graph\">{\"@context\":\"https:\\\/\\\/schema.org\",\"@graph\":[{\"@type\":\"WebPage\",\"@id\":\"https:\\\/\\\/boacustics.com\\\/producto\\\/beovision-4-85-nueva\\\/\",\"url\":\"https:\\\/\\\/boacustics.com\\\/producto\\\/beovision-4-85-nueva\\\/\",\"name\":\"BEOVISION 4-85 MK2 - BOAcustics\",\"isPartOf\":{\"@id\":\"https:\\\/\\\/boacustics.com\\\/#website\"},\"primaryImageOfPage\":{\"@id\":\"https:\\\/\\\/boacustics.com\\\/producto\\\/beovision-4-85-nueva\\\/#primaryimage\"},\"image\":{\"@id\":\"https:\\\/\\\/boacustics.com\\\/producto\\\/beovision-4-85-nueva\\\/#primaryimage\"},\"thumbnailUrl\":\"https:\\\/\\\/boacustics.com\\\/wp-content\\\/uploads\\\/BEOVISION-4-85.jpg\",\"datePublished\":\"2022-10-03T08:51:26+00:00\",\"dateModified\":\"2025-11-16T22:19:53+00:00\",\"description\":\"Televisor Bang&Olufsen Beovision 4-85 con soporte de pared y Beosystem 3 MK3-3D con altavoz central Beolab 10.\",\"breadcrumb\":{\"@id\":\"https:\\\/\\\/boacustics.com\\\/producto\\\/beovision-4-85-nueva\\\/#breadcrumb\"},\"inLanguage\":\"en-US\",\"potentialAction\":[{\"@type\":\"ReadAction\",\"target\":[\"https:\\\/\\\/boacustics.com\\\/producto\\\/beovision-4-85-nueva\\\/\"]}]},{\"@type\":\"ImageObject\",\"inLanguage\":\"en-US\",\"@id\":\"https:\\\/\\\/boacustics.com\\\/producto\\\/beovision-4-85-nueva\\\/#primaryimage\",\"url\":\"https:\\\/\\\/boacustics.com\\\/wp-content\\\/uploads\\\/BEOVISION-4-85.jpg\",\"contentUrl\":\"https:\\\/\\\/boacustics.com\\\/wp-content\\\/uploads\\\/BEOVISION-4-85.jpg\",\"width\":1300,\"height\":1300},{\"@type\":\"BreadcrumbList\",\"@id\":\"https:\\\/\\\/boacustics.com\\\/producto\\\/beovision-4-85-nueva\\\/#breadcrumb\",\"itemListElement\":[{\"@type\":\"ListItem\",\"position\":1,\"name\":\"Portada\",\"item\":\"https:\\\/\\\/boacustics.com\\\/\"},{\"@type\":\"ListItem\",\"position\":2,\"name\":\"Tienda\",\"item\":\"https:\\\/\\\/boacustics.com\\\/tienda\\\/\"},{\"@type\":\"ListItem\",\"position\":3,\"name\":\"BEOVISION 4-85 MK2\"}]},{\"@type\":\"WebSite\",\"@id\":\"https:\\\/\\\/boacustics.com\\\/#website\",\"url\":\"https:\\\/\\\/boacustics.com\\\/\",\"name\":\"BOAcustics\",\"description\":\"Hi-Tech Feelings\",\"publisher\":{\"@id\":\"https:\\\/\\\/boacustics.com\\\/#organization\"},\"potentialAction\":[{\"@type\":\"SearchAction\",\"target\":{\"@type\":\"EntryPoint\",\"urlTemplate\":\"https:\\\/\\\/boacustics.com\\\/?s={search_term_string}\"},\"query-input\":{\"@type\":\"PropertyValueSpecification\",\"valueRequired\":true,\"valueName\":\"search_term_string\"}}],\"inLanguage\":\"en-US\"},{\"@type\":\"Organization\",\"@id\":\"https:\\\/\\\/boacustics.com\\\/#organization\",\"name\":\"BOAcustics\",\"url\":\"https:\\\/\\\/boacustics.com\\\/\",\"logo\":{\"@type\":\"ImageObject\",\"inLanguage\":\"en-US\",\"@id\":\"https:\\\/\\\/boacustics.com\\\/#\\\/schema\\\/logo\\\/image\\\/\",\"url\":\"https:\\\/\\\/boacustics.com\\\/wp-content\\\/uploads\\\/2022\\\/11\\\/logo-tv-monocromatico.svg\",\"contentUrl\":\"https:\\\/\\\/boacustics.com\\\/wp-content\\\/uploads\\\/2022\\\/11\\\/logo-tv-monocromatico.svg\",\"width\":1099,\"height\":316,\"caption\":\"BOAcustics\"},\"image\":{\"@id\":\"https:\\\/\\\/boacustics.com\\\/#\\\/schema\\\/logo\\\/image\\\/\"},\"sameAs\":[\"https:\\\/\\\/www.instagram.com\\\/boacustics\\\/\",\"https:\\\/\\\/www.youtube.com\\\/channel\\\/UCd42orIp5TyeS2DVI4B2IwQ\"]}]}<\/script>\n<!-- \/ Yoast SEO plugin. -->","yoast_head_json":{"title":"BEOVISION 4-85 MK2 - BOAcustics","description":"Bang&amp;Olufsen Beovision 4-85 TV with wall bracket and Beosystem 3 MK3-3D with Beolab 10 center speaker.","robots":{"index":"index","follow":"follow","max-snippet":"max-snippet:-1","max-image-preview":"max-image-preview:large","max-video-preview":"max-video-preview:-1"},"canonical":"https:\/\/boacustics.com\/en\/product\/beovision-4-85-new\/","og_locale":"en_US","og_type":"article","og_title":"BEOVISION 4-85 MK2 - BOAcustics","og_description":"Televisor Bang&Olufsen Beovision 4-85 con soporte de pared y Beosystem 3 MK3-3D con altavoz central Beolab 10.","og_url":"https:\/\/boacustics.com\/en\/product\/beovision-4-85-new\/","og_site_name":"BOAcustics","article_modified_time":"2025-11-16T22:19:53+00:00","og_image":[{"width":1300,"height":1300,"url":"https:\/\/boacustics.com\/wp-content\/uploads\/BEOVISION-4-85.jpg","type":"image\/jpeg"}],"twitter_card":"summary_large_image","twitter_misc":{"Est. reading time":"1 minute"},"schema":{"@context":"https:\/\/schema.org","@graph":[{"@type":"WebPage","@id":"https:\/\/boacustics.com\/producto\/beovision-4-85-nueva\/","url":"https:\/\/boacustics.com\/producto\/beovision-4-85-nueva\/","name":"BEOVISION 4-85 MK2 - BOAcustics","isPartOf":{"@id":"https:\/\/boacustics.com\/#website"},"primaryImageOfPage":{"@id":"https:\/\/boacustics.com\/producto\/beovision-4-85-nueva\/#primaryimage"},"image":{"@id":"https:\/\/boacustics.com\/producto\/beovision-4-85-nueva\/#primaryimage"},"thumbnailUrl":"https:\/\/boacustics.com\/wp-content\/uploads\/BEOVISION-4-85.jpg","datePublished":"2022-10-03T08:51:26+00:00","dateModified":"2025-11-16T22:19:53+00:00","description":"Bang&amp;Olufsen Beovision 4-85 TV with wall bracket and Beosystem 3 MK3-3D with Beolab 10 center speaker.","breadcrumb":{"@id":"https:\/\/boacustics.com\/producto\/beovision-4-85-nueva\/#breadcrumb"},"inLanguage":"en-US","potentialAction":[{"@type":"ReadAction","target":["https:\/\/boacustics.com\/producto\/beovision-4-85-nueva\/"]}]},{"@type":"ImageObject","inLanguage":"en-US","@id":"https:\/\/boacustics.com\/producto\/beovision-4-85-nueva\/#primaryimage","url":"https:\/\/boacustics.com\/wp-content\/uploads\/BEOVISION-4-85.jpg","contentUrl":"https:\/\/boacustics.com\/wp-content\/uploads\/BEOVISION-4-85.jpg","width":1300,"height":1300},{"@type":"BreadcrumbList","@id":"https:\/\/boacustics.com\/producto\/beovision-4-85-nueva\/#breadcrumb","itemListElement":[{"@type":"ListItem","position":1,"name":"Portada","item":"https:\/\/boacustics.com\/"},{"@type":"ListItem","position":2,"name":"Tienda","item":"https:\/\/boacustics.com\/tienda\/"},{"@type":"ListItem","position":3,"name":"BEOVISION 4-85 MK2"}]},{"@type":"WebSite","@id":"https:\/\/boacustics.com\/#website","url":"https:\/\/boacustics.com\/","name":"BOAcustics","description":"Hi-Tech Feelings","publisher":{"@id":"https:\/\/boacustics.com\/#organization"},"potentialAction":[{"@type":"SearchAction","target":{"@type":"EntryPoint","urlTemplate":"https:\/\/boacustics.com\/?s={search_term_string}"},"query-input":{"@type":"PropertyValueSpecification","valueRequired":true,"valueName":"search_term_string"}}],"inLanguage":"en-US"},{"@type":"Organization","@id":"https:\/\/boacustics.com\/#organization","name":"BOAcustics","url":"https:\/\/boacustics.com\/","logo":{"@type":"ImageObject","inLanguage":"en-US","@id":"https:\/\/boacustics.com\/#\/schema\/logo\/image\/","url":"https:\/\/boacustics.com\/wp-content\/uploads\/2022\/11\/logo-tv-monocromatico.svg","contentUrl":"https:\/\/boacustics.com\/wp-content\/uploads\/2022\/11\/logo-tv-monocromatico.svg","width":1099,"height":316,"caption":"BOAcustics"},"image":{"@id":"https:\/\/boacustics.com\/#\/schema\/logo\/image\/"},"sameAs":["https:\/\/www.instagram.com\/boacustics\/","https:\/\/www.youtube.com\/channel\/UCd42orIp5TyeS2DVI4B2IwQ"]}]}},"_links":{"self":[{"href":"https:\/\/boacustics.com\/en\/wp-json\/wp\/v2\/product\/137","targetHints":{"allow":["GET"]}}],"collection":[{"href":"https:\/\/boacustics.com\/en\/wp-json\/wp\/v2\/product"}],"about":[{"href":"https:\/\/boacustics.com\/en\/wp-json\/wp\/v2\/types\/product"}],"replies":[{"embeddable":true,"href":"https:\/\/boacustics.com\/en\/wp-json\/wp\/v2\/comments?post=137"}],"version-history":[{"count":0,"href":"https:\/\/boacustics.com\/en\/wp-json\/wp\/v2\/product\/137\/revisions"}],"wp:featuredmedia":[{"embeddable":true,"href":"https:\/\/boacustics.com\/en\/wp-json\/wp\/v2\/media\/1435"}],"wp:attachment":[{"href":"https:\/\/boacustics.com\/en\/wp-json\/wp\/v2\/media?parent=137"}],"wp:term":[{"taxonomy":"product_brand","embeddable":true,"href":"https:\/\/boacustics.com\/en\/wp-json\/wp\/v2\/product_brand?post=137"},{"taxonomy":"product_cat","embeddable":true,"href":"https:\/\/boacustics.com\/en\/wp-json\/wp\/v2\/product_cat?post=137"},{"taxonomy":"product_tag","embeddable":true,"href":"https:\/\/boacustics.com\/en\/wp-json\/wp\/v2\/product_tag?post=137"}],"curies":[{"name":"wp","href":"https:\/\/api.w.org\/{rel}","templated":true}]}}