{"id":111,"date":"2022-10-03T08:50:38","date_gmt":"2022-10-03T08:50:38","guid":{"rendered":"https:\/\/boacustics.com\/index.php\/producto\/beolab-19-mk2-all-colors\/"},"modified":"2025-12-21T22:43:23","modified_gmt":"2025-12-21T21:43:23","slug":"beolab-19-mk2-wisa-system","status":"publish","type":"product","link":"https:\/\/boacustics.com\/en\/producto\/beolab-19-mk2-sistema-wisa\/","title":{"rendered":"BEOLAB 19 MK2 Piano Black"},"content":{"rendered":"<ul>\n<li>Beolab 19 Piano Black.<\/li>\n<li>Expo product.<\/li>\n<li>Wireless and wired connection.<\/li>\n<li>WISA Connection Sound System.<\/li>\n<li>Revised and Updated.<\/li>\n<li>2-year warranty<\/li>\n<li>Shipping costs are not included.<\/li>\n<li>Sales Invoice.<\/li>\n<li>Immediate delivery.<\/li>\n<\/ul>","protected":false},"excerpt":{"rendered":"<p>Beolab 19 Piano Black. Producto de Expo. Conexi\u00f3n inal\u00e1mbrica y por cable. WISA Connection Sound System. Revisado y Actualizado. Garant\u00eda de 2 a\u00f1os Portes\u00a0 no incluidos. Factura de Venta. Entrega inmediata.<\/p>","protected":false},"featured_media":2428,"comment_status":"open","ping_status":"closed","template":"","meta":{"_acf_changed":false,"inline_featured_image":false},"product_brand":[],"product_cat":[26,36],"product_tag":[23,17],"class_list":{"0":"post-111","1":"product","2":"type-product","3":"status-publish","4":"has-post-thumbnail","6":"product_cat-altavoz","7":"product_cat-audio","8":"product_tag-altavoces","9":"product_tag-beolab","10":"product_shipping_class-menos-30-kg","12":"first","13":"instock","14":"sale","15":"taxable","16":"shipping-taxable","17":"purchasable","18":"product-type-simple"},"acf":[],"yoast_head":"<!-- This site is optimized with the Yoast SEO plugin v27.5 - https:\/\/yoast.com\/product\/yoast-seo-wordpress\/ -->\n<title>BEOLAB 19 MK2 Piano Black - BOAcustics<\/title>\n<meta name=\"description\" content=\"Beolab 19 Piano Black con sistema conexi\u00f3n Wisa y cable. Con garant\u00eda.\" \/>\n<meta name=\"robots\" content=\"index, follow, max-snippet:-1, max-image-preview:large, max-video-preview:-1\" \/>\n<link rel=\"canonical\" href=\"https:\/\/boacustics.com\/en\/product\/beolab-19-mk2-wisa-system\/\" \/>\n<meta property=\"og:locale\" content=\"en_US\" \/>\n<meta property=\"og:type\" content=\"article\" \/>\n<meta property=\"og:title\" content=\"BEOLAB 19 MK2 Piano Black - BOAcustics\" \/>\n<meta property=\"og:description\" content=\"Beolab 19 Piano Black con sistema conexi\u00f3n Wisa y cable. Con garant\u00eda.\" \/>\n<meta property=\"og:url\" content=\"https:\/\/boacustics.com\/en\/product\/beolab-19-mk2-wisa-system\/\" \/>\n<meta property=\"og:site_name\" content=\"BOAcustics\" \/>\n<meta property=\"article:modified_time\" content=\"2025-12-21T21:43:23+00:00\" \/>\n<meta property=\"og:image\" content=\"https:\/\/boacustics.com\/wp-content\/uploads\/2022\/10\/Photoroom_20251220_182625.jpg\" \/>\n\t<meta property=\"og:image:width\" content=\"1512\" \/>\n\t<meta property=\"og:image:height\" content=\"1512\" \/>\n\t<meta property=\"og:image:type\" content=\"image\/jpeg\" \/>\n<meta name=\"twitter:card\" content=\"summary_large_image\" \/>\n<meta name=\"twitter:label1\" content=\"Est. reading time\" \/>\n\t<meta name=\"twitter:data1\" content=\"1 minute\" \/>\n<script type=\"application\/ld+json\" class=\"yoast-schema-graph\">{\"@context\":\"https:\\\/\\\/schema.org\",\"@graph\":[{\"@type\":\"WebPage\",\"@id\":\"https:\\\/\\\/boacustics.com\\\/producto\\\/beolab-19-mk2-sistema-wisa\\\/\",\"url\":\"https:\\\/\\\/boacustics.com\\\/producto\\\/beolab-19-mk2-sistema-wisa\\\/\",\"name\":\"BEOLAB 19 MK2 Piano Black - BOAcustics\",\"isPartOf\":{\"@id\":\"https:\\\/\\\/boacustics.com\\\/#website\"},\"primaryImageOfPage\":{\"@id\":\"https:\\\/\\\/boacustics.com\\\/producto\\\/beolab-19-mk2-sistema-wisa\\\/#primaryimage\"},\"image\":{\"@id\":\"https:\\\/\\\/boacustics.com\\\/producto\\\/beolab-19-mk2-sistema-wisa\\\/#primaryimage\"},\"thumbnailUrl\":\"https:\\\/\\\/boacustics.com\\\/wp-content\\\/uploads\\\/2022\\\/10\\\/Photoroom_20251220_182625.jpg\",\"datePublished\":\"2022-10-03T08:50:38+00:00\",\"dateModified\":\"2025-12-21T21:43:23+00:00\",\"description\":\"Beolab 19 Piano Black con sistema conexi\u00f3n Wisa y cable. Con garant\u00eda.\",\"breadcrumb\":{\"@id\":\"https:\\\/\\\/boacustics.com\\\/producto\\\/beolab-19-mk2-sistema-wisa\\\/#breadcrumb\"},\"inLanguage\":\"en-US\",\"potentialAction\":[{\"@type\":\"ReadAction\",\"target\":[\"https:\\\/\\\/boacustics.com\\\/producto\\\/beolab-19-mk2-sistema-wisa\\\/\"]}]},{\"@type\":\"ImageObject\",\"inLanguage\":\"en-US\",\"@id\":\"https:\\\/\\\/boacustics.com\\\/producto\\\/beolab-19-mk2-sistema-wisa\\\/#primaryimage\",\"url\":\"https:\\\/\\\/boacustics.com\\\/wp-content\\\/uploads\\\/2022\\\/10\\\/Photoroom_20251220_182625.jpg\",\"contentUrl\":\"https:\\\/\\\/boacustics.com\\\/wp-content\\\/uploads\\\/2022\\\/10\\\/Photoroom_20251220_182625.jpg\",\"width\":1512,\"height\":1512},{\"@type\":\"BreadcrumbList\",\"@id\":\"https:\\\/\\\/boacustics.com\\\/producto\\\/beolab-19-mk2-sistema-wisa\\\/#breadcrumb\",\"itemListElement\":[{\"@type\":\"ListItem\",\"position\":1,\"name\":\"Portada\",\"item\":\"https:\\\/\\\/boacustics.com\\\/\"},{\"@type\":\"ListItem\",\"position\":2,\"name\":\"Tienda\",\"item\":\"https:\\\/\\\/boacustics.com\\\/tienda\\\/\"},{\"@type\":\"ListItem\",\"position\":3,\"name\":\"BEOLAB 19 MK2 Piano Black\"}]},{\"@type\":\"WebSite\",\"@id\":\"https:\\\/\\\/boacustics.com\\\/#website\",\"url\":\"https:\\\/\\\/boacustics.com\\\/\",\"name\":\"BOAcustics\",\"description\":\"Hi-Tech Feelings\",\"publisher\":{\"@id\":\"https:\\\/\\\/boacustics.com\\\/#organization\"},\"potentialAction\":[{\"@type\":\"SearchAction\",\"target\":{\"@type\":\"EntryPoint\",\"urlTemplate\":\"https:\\\/\\\/boacustics.com\\\/?s={search_term_string}\"},\"query-input\":{\"@type\":\"PropertyValueSpecification\",\"valueRequired\":true,\"valueName\":\"search_term_string\"}}],\"inLanguage\":\"en-US\"},{\"@type\":\"Organization\",\"@id\":\"https:\\\/\\\/boacustics.com\\\/#organization\",\"name\":\"BOAcustics\",\"url\":\"https:\\\/\\\/boacustics.com\\\/\",\"logo\":{\"@type\":\"ImageObject\",\"inLanguage\":\"en-US\",\"@id\":\"https:\\\/\\\/boacustics.com\\\/#\\\/schema\\\/logo\\\/image\\\/\",\"url\":\"https:\\\/\\\/boacustics.com\\\/wp-content\\\/uploads\\\/2022\\\/11\\\/logo-tv-monocromatico.svg\",\"contentUrl\":\"https:\\\/\\\/boacustics.com\\\/wp-content\\\/uploads\\\/2022\\\/11\\\/logo-tv-monocromatico.svg\",\"width\":1099,\"height\":316,\"caption\":\"BOAcustics\"},\"image\":{\"@id\":\"https:\\\/\\\/boacustics.com\\\/#\\\/schema\\\/logo\\\/image\\\/\"},\"sameAs\":[\"https:\\\/\\\/www.instagram.com\\\/boacustics\\\/\",\"https:\\\/\\\/www.youtube.com\\\/channel\\\/UCd42orIp5TyeS2DVI4B2IwQ\"]}]}<\/script>\n<!-- \/ Yoast SEO plugin. -->","yoast_head_json":{"title":"BEOLAB 19 MK2 Piano Black - BOAcustics","description":"Beolab 19 Piano Black with Wisa connection system and cable. With warranty.","robots":{"index":"index","follow":"follow","max-snippet":"max-snippet:-1","max-image-preview":"max-image-preview:large","max-video-preview":"max-video-preview:-1"},"canonical":"https:\/\/boacustics.com\/en\/product\/beolab-19-mk2-wisa-system\/","og_locale":"en_US","og_type":"article","og_title":"BEOLAB 19 MK2 Piano Black - BOAcustics","og_description":"Beolab 19 Piano Black con sistema conexi\u00f3n Wisa y cable. Con garant\u00eda.","og_url":"https:\/\/boacustics.com\/en\/product\/beolab-19-mk2-wisa-system\/","og_site_name":"BOAcustics","article_modified_time":"2025-12-21T21:43:23+00:00","og_image":[{"width":1512,"height":1512,"url":"https:\/\/boacustics.com\/wp-content\/uploads\/2022\/10\/Photoroom_20251220_182625.jpg","type":"image\/jpeg"}],"twitter_card":"summary_large_image","twitter_misc":{"Est. reading time":"1 minute"},"schema":{"@context":"https:\/\/schema.org","@graph":[{"@type":"WebPage","@id":"https:\/\/boacustics.com\/producto\/beolab-19-mk2-sistema-wisa\/","url":"https:\/\/boacustics.com\/producto\/beolab-19-mk2-sistema-wisa\/","name":"BEOLAB 19 MK2 Piano Black - BOAcustics","isPartOf":{"@id":"https:\/\/boacustics.com\/#website"},"primaryImageOfPage":{"@id":"https:\/\/boacustics.com\/producto\/beolab-19-mk2-sistema-wisa\/#primaryimage"},"image":{"@id":"https:\/\/boacustics.com\/producto\/beolab-19-mk2-sistema-wisa\/#primaryimage"},"thumbnailUrl":"https:\/\/boacustics.com\/wp-content\/uploads\/2022\/10\/Photoroom_20251220_182625.jpg","datePublished":"2022-10-03T08:50:38+00:00","dateModified":"2025-12-21T21:43:23+00:00","description":"Beolab 19 Piano Black with Wisa connection system and cable. With warranty.","breadcrumb":{"@id":"https:\/\/boacustics.com\/producto\/beolab-19-mk2-sistema-wisa\/#breadcrumb"},"inLanguage":"en-US","potentialAction":[{"@type":"ReadAction","target":["https:\/\/boacustics.com\/producto\/beolab-19-mk2-sistema-wisa\/"]}]},{"@type":"ImageObject","inLanguage":"en-US","@id":"https:\/\/boacustics.com\/producto\/beolab-19-mk2-sistema-wisa\/#primaryimage","url":"https:\/\/boacustics.com\/wp-content\/uploads\/2022\/10\/Photoroom_20251220_182625.jpg","contentUrl":"https:\/\/boacustics.com\/wp-content\/uploads\/2022\/10\/Photoroom_20251220_182625.jpg","width":1512,"height":1512},{"@type":"BreadcrumbList","@id":"https:\/\/boacustics.com\/producto\/beolab-19-mk2-sistema-wisa\/#breadcrumb","itemListElement":[{"@type":"ListItem","position":1,"name":"Portada","item":"https:\/\/boacustics.com\/"},{"@type":"ListItem","position":2,"name":"Tienda","item":"https:\/\/boacustics.com\/tienda\/"},{"@type":"ListItem","position":3,"name":"BEOLAB 19 MK2 Piano Black"}]},{"@type":"WebSite","@id":"https:\/\/boacustics.com\/#website","url":"https:\/\/boacustics.com\/","name":"BOAcustics","description":"Hi-Tech Feelings","publisher":{"@id":"https:\/\/boacustics.com\/#organization"},"potentialAction":[{"@type":"SearchAction","target":{"@type":"EntryPoint","urlTemplate":"https:\/\/boacustics.com\/?s={search_term_string}"},"query-input":{"@type":"PropertyValueSpecification","valueRequired":true,"valueName":"search_term_string"}}],"inLanguage":"en-US"},{"@type":"Organization","@id":"https:\/\/boacustics.com\/#organization","name":"BOAcustics","url":"https:\/\/boacustics.com\/","logo":{"@type":"ImageObject","inLanguage":"en-US","@id":"https:\/\/boacustics.com\/#\/schema\/logo\/image\/","url":"https:\/\/boacustics.com\/wp-content\/uploads\/2022\/11\/logo-tv-monocromatico.svg","contentUrl":"https:\/\/boacustics.com\/wp-content\/uploads\/2022\/11\/logo-tv-monocromatico.svg","width":1099,"height":316,"caption":"BOAcustics"},"image":{"@id":"https:\/\/boacustics.com\/#\/schema\/logo\/image\/"},"sameAs":["https:\/\/www.instagram.com\/boacustics\/","https:\/\/www.youtube.com\/channel\/UCd42orIp5TyeS2DVI4B2IwQ"]}]}},"_links":{"self":[{"href":"https:\/\/boacustics.com\/en\/wp-json\/wp\/v2\/product\/111","targetHints":{"allow":["GET"]}}],"collection":[{"href":"https:\/\/boacustics.com\/en\/wp-json\/wp\/v2\/product"}],"about":[{"href":"https:\/\/boacustics.com\/en\/wp-json\/wp\/v2\/types\/product"}],"replies":[{"embeddable":true,"href":"https:\/\/boacustics.com\/en\/wp-json\/wp\/v2\/comments?post=111"}],"version-history":[{"count":2,"href":"https:\/\/boacustics.com\/en\/wp-json\/wp\/v2\/product\/111\/revisions"}],"predecessor-version":[{"id":2432,"href":"https:\/\/boacustics.com\/en\/wp-json\/wp\/v2\/product\/111\/revisions\/2432"}],"wp:featuredmedia":[{"embeddable":true,"href":"https:\/\/boacustics.com\/en\/wp-json\/wp\/v2\/media\/2428"}],"wp:attachment":[{"href":"https:\/\/boacustics.com\/en\/wp-json\/wp\/v2\/media?parent=111"}],"wp:term":[{"taxonomy":"product_brand","embeddable":true,"href":"https:\/\/boacustics.com\/en\/wp-json\/wp\/v2\/product_brand?post=111"},{"taxonomy":"product_cat","embeddable":true,"href":"https:\/\/boacustics.com\/en\/wp-json\/wp\/v2\/product_cat?post=111"},{"taxonomy":"product_tag","embeddable":true,"href":"https:\/\/boacustics.com\/en\/wp-json\/wp\/v2\/product_tag?post=111"}],"curies":[{"name":"wp","href":"https:\/\/api.w.org\/{rel}","templated":true}]}}