{"id":566,"date":"2022-10-20T09:55:44","date_gmt":"2022-10-20T09:55:44","guid":{"rendered":"https:\/\/boacustics.com\/?page_id=566"},"modified":"2025-12-07T19:49:47","modified_gmt":"2025-12-07T18:49:47","slug":"shipping-policy","status":"publish","type":"page","link":"https:\/\/boacustics.com\/en\/politica-de-envios\/","title":{"rendered":"Shipping Policy"},"content":{"rendered":"<div data-elementor-type=\"wp-page\" data-elementor-id=\"566\" class=\"elementor elementor-566\" data-elementor-post-type=\"page\">\n\t\t\t\t\t\t<section class=\"elementor-section elementor-top-section elementor-element elementor-element-64988b9f elementor-section-boxed elementor-section-height-default elementor-section-height-default\" data-id=\"64988b9f\" data-element_type=\"section\" data-e-type=\"section\">\n\t\t\t\t\t\t<div class=\"elementor-container elementor-column-gap-default\">\n\t\t\t\t\t<div class=\"elementor-column elementor-col-100 elementor-top-column elementor-element elementor-element-633a0ef0\" data-id=\"633a0ef0\" data-element_type=\"column\" data-e-type=\"column\">\n\t\t\t<div class=\"elementor-widget-wrap elementor-element-populated\">\n\t\t\t\t\t\t<div class=\"elementor-element elementor-element-302826b9 elementor-widget elementor-widget-text-editor\" data-id=\"302826b9\" data-element_type=\"widget\" data-e-type=\"widget\" data-widget_type=\"text-editor.default\">\n\t\t\t\t<div class=\"elementor-widget-container\">\n\t\t\t\t\t\t\t\t\t<h3>When will my order be processed?<\/h3>\n<p style=\"text-align: justify;\">All orders are handled and shipped from our warehouse in Spain. Please allow extra time for your order to be processed during holidays and sale periods. We process orders Monday through Friday. Orders will be processed within 3-5 business days from the order date and shipped the day after processing. Please note that we do not ship on weekends.<\/p>\n<h3>How long will it take to receive my order?<\/h3>\n<p style=\"text-align: justify;\">Once you place your order, we will send you confirmation and acceptance of it under our store's Terms and Conditions. Once your order has been processed for shipment, you will receive a copy of the label with the corresponding tracking number.<\/p>\n<p style=\"text-align: justify;\">After that, the shipping time for the EU is 3-4 business days, for North and South America between 7 and 12 days, and between 12 and 20 business days for delivery to Asia or Others.<\/p>\n<p style=\"text-align: justify;\">The tracking number informs you of the pickup date and the estimated delivery date. Depending on the product and weight, the courier or transport company will determine the final delivery time to the customer.\u00a0<\/p>\n<h3>Will I be charged taxes and customs duties?<\/h3>\n<p style=\"text-align: justify;\">The prices shown on our website exclude EU taxes, or will be clearly detailed in the listing. This means you may be required to pay duties and taxes upon receiving your order in both the USA and Asia. Import duties, tariffs, and related customs fees may be levied once your order reaches its final destination, as determined by your local customs office.<\/p>\n<p style=\"text-align: justify;\">Payment of these fees and taxes is your responsibility and will not be covered by us. We are not responsible for delays caused by your country's customs department. For more details about these fees, please contact your local customs office.<\/p>\n<p style=\"text-align: justify;\">Please carefully review the product listing to determine the final cost, or contact Boacustics. We will provide you with a quote without obligation.<\/p>\t\t\t\t\t\t\t\t<\/div>\n\t\t\t\t<\/div>\n\t\t\t\t\t<\/div>\n\t\t<\/div>\n\t\t\t\t\t<\/div>\n\t\t<\/section>\n\t\t\t\t<\/div>","protected":false},"excerpt":{"rendered":"<p>\u00bfCu\u00e1ndo ser\u00e1 procesado mi pedido? Todos los pedidos se manejan y se env\u00edan desde nuestro almac\u00e9n en Espa\u00f1a. Por favor, espere un tiempo adicional para que su pedido sea procesado durante las vacaciones y las temporadas de rebajas. Procesamos pedidos de lunes a viernes. Los pedidos se procesar\u00e1n dentro de 3-5 d\u00edas h\u00e1biles a partir [&hellip;]<\/p>\n","protected":false},"author":2,"featured_media":0,"parent":0,"menu_order":0,"comment_status":"closed","ping_status":"closed","template":"","meta":{"_acf_changed":false,"inline_featured_image":false,"footnotes":""},"class_list":["post-566","page","type-page","status-publish","hentry"],"acf":[],"yoast_head":"<!-- This site is optimized with the Yoast SEO plugin v27.4 - https:\/\/yoast.com\/product\/yoast-seo-wordpress\/ -->\n<title>Pol\u00edtica de env\u00edos - BOAcustics<\/title>\n<meta name=\"robots\" content=\"index, follow, max-snippet:-1, max-image-preview:large, max-video-preview:-1\" \/>\n<link rel=\"canonical\" href=\"https:\/\/boacustics.com\/en\/shipping-policy\/\" \/>\n<meta property=\"og:locale\" content=\"en_US\" \/>\n<meta property=\"og:type\" content=\"article\" \/>\n<meta property=\"og:title\" content=\"Pol\u00edtica de env\u00edos - BOAcustics\" \/>\n<meta property=\"og:description\" content=\"\u00bfCu\u00e1ndo ser\u00e1 procesado mi pedido? Todos los pedidos se manejan y se env\u00edan desde nuestro almac\u00e9n en Espa\u00f1a. Por favor, espere un tiempo adicional para que su pedido sea procesado durante las vacaciones y las temporadas de rebajas. Procesamos pedidos de lunes a viernes. Los pedidos se procesar\u00e1n dentro de 3-5 d\u00edas h\u00e1biles a partir [&hellip;]\" \/>\n<meta property=\"og:url\" content=\"https:\/\/boacustics.com\/en\/shipping-policy\/\" \/>\n<meta property=\"og:site_name\" content=\"BOAcustics\" \/>\n<meta property=\"article:modified_time\" content=\"2025-12-07T18:49:47+00:00\" \/>\n<meta name=\"twitter:card\" content=\"summary_large_image\" \/>\n<meta name=\"twitter:label1\" content=\"Est. reading time\" \/>\n\t<meta name=\"twitter:data1\" content=\"2 minutes\" \/>\n<script type=\"application\/ld+json\" class=\"yoast-schema-graph\">{\"@context\":\"https:\\\/\\\/schema.org\",\"@graph\":[{\"@type\":\"WebPage\",\"@id\":\"https:\\\/\\\/boacustics.com\\\/politica-de-envios\\\/\",\"url\":\"https:\\\/\\\/boacustics.com\\\/politica-de-envios\\\/\",\"name\":\"Pol\u00edtica de env\u00edos - BOAcustics\",\"isPartOf\":{\"@id\":\"https:\\\/\\\/boacustics.com\\\/#website\"},\"datePublished\":\"2022-10-20T09:55:44+00:00\",\"dateModified\":\"2025-12-07T18:49:47+00:00\",\"breadcrumb\":{\"@id\":\"https:\\\/\\\/boacustics.com\\\/politica-de-envios\\\/#breadcrumb\"},\"inLanguage\":\"en-US\",\"potentialAction\":[{\"@type\":\"ReadAction\",\"target\":[\"https:\\\/\\\/boacustics.com\\\/politica-de-envios\\\/\"]}]},{\"@type\":\"BreadcrumbList\",\"@id\":\"https:\\\/\\\/boacustics.com\\\/politica-de-envios\\\/#breadcrumb\",\"itemListElement\":[{\"@type\":\"ListItem\",\"position\":1,\"name\":\"Portada\",\"item\":\"https:\\\/\\\/boacustics.com\\\/\"},{\"@type\":\"ListItem\",\"position\":2,\"name\":\"Pol\u00edtica de env\u00edos\"}]},{\"@type\":\"WebSite\",\"@id\":\"https:\\\/\\\/boacustics.com\\\/#website\",\"url\":\"https:\\\/\\\/boacustics.com\\\/\",\"name\":\"BOAcustics\",\"description\":\"Hi-Tech Feelings\",\"publisher\":{\"@id\":\"https:\\\/\\\/boacustics.com\\\/#organization\"},\"potentialAction\":[{\"@type\":\"SearchAction\",\"target\":{\"@type\":\"EntryPoint\",\"urlTemplate\":\"https:\\\/\\\/boacustics.com\\\/?s={search_term_string}\"},\"query-input\":{\"@type\":\"PropertyValueSpecification\",\"valueRequired\":true,\"valueName\":\"search_term_string\"}}],\"inLanguage\":\"en-US\"},{\"@type\":\"Organization\",\"@id\":\"https:\\\/\\\/boacustics.com\\\/#organization\",\"name\":\"BOAcustics\",\"url\":\"https:\\\/\\\/boacustics.com\\\/\",\"logo\":{\"@type\":\"ImageObject\",\"inLanguage\":\"en-US\",\"@id\":\"https:\\\/\\\/boacustics.com\\\/#\\\/schema\\\/logo\\\/image\\\/\",\"url\":\"https:\\\/\\\/boacustics.com\\\/wp-content\\\/uploads\\\/2022\\\/11\\\/logo-tv-monocromatico.svg\",\"contentUrl\":\"https:\\\/\\\/boacustics.com\\\/wp-content\\\/uploads\\\/2022\\\/11\\\/logo-tv-monocromatico.svg\",\"width\":1099,\"height\":316,\"caption\":\"BOAcustics\"},\"image\":{\"@id\":\"https:\\\/\\\/boacustics.com\\\/#\\\/schema\\\/logo\\\/image\\\/\"},\"sameAs\":[\"https:\\\/\\\/www.instagram.com\\\/boacustics\\\/\",\"https:\\\/\\\/www.youtube.com\\\/channel\\\/UCd42orIp5TyeS2DVI4B2IwQ\"]}]}<\/script>\n<!-- \/ Yoast SEO plugin. -->","yoast_head_json":{"title":"Shipping Policy - BOAcoustics","robots":{"index":"index","follow":"follow","max-snippet":"max-snippet:-1","max-image-preview":"max-image-preview:large","max-video-preview":"max-video-preview:-1"},"canonical":"https:\/\/boacustics.com\/en\/shipping-policy\/","og_locale":"en_US","og_type":"article","og_title":"Pol\u00edtica de env\u00edos - BOAcustics","og_description":"\u00bfCu\u00e1ndo ser\u00e1 procesado mi pedido? Todos los pedidos se manejan y se env\u00edan desde nuestro almac\u00e9n en Espa\u00f1a. Por favor, espere un tiempo adicional para que su pedido sea procesado durante las vacaciones y las temporadas de rebajas. Procesamos pedidos de lunes a viernes. Los pedidos se procesar\u00e1n dentro de 3-5 d\u00edas h\u00e1biles a partir [&hellip;]","og_url":"https:\/\/boacustics.com\/en\/shipping-policy\/","og_site_name":"BOAcustics","article_modified_time":"2025-12-07T18:49:47+00:00","twitter_card":"summary_large_image","twitter_misc":{"Est. reading time":"2 minutes"},"schema":{"@context":"https:\/\/schema.org","@graph":[{"@type":"WebPage","@id":"https:\/\/boacustics.com\/politica-de-envios\/","url":"https:\/\/boacustics.com\/politica-de-envios\/","name":"Shipping Policy - BOAcoustics","isPartOf":{"@id":"https:\/\/boacustics.com\/#website"},"datePublished":"2022-10-20T09:55:44+00:00","dateModified":"2025-12-07T18:49:47+00:00","breadcrumb":{"@id":"https:\/\/boacustics.com\/politica-de-envios\/#breadcrumb"},"inLanguage":"en-US","potentialAction":[{"@type":"ReadAction","target":["https:\/\/boacustics.com\/politica-de-envios\/"]}]},{"@type":"BreadcrumbList","@id":"https:\/\/boacustics.com\/politica-de-envios\/#breadcrumb","itemListElement":[{"@type":"ListItem","position":1,"name":"Portada","item":"https:\/\/boacustics.com\/"},{"@type":"ListItem","position":2,"name":"Pol\u00edtica de env\u00edos"}]},{"@type":"WebSite","@id":"https:\/\/boacustics.com\/#website","url":"https:\/\/boacustics.com\/","name":"BOAcustics","description":"Hi-Tech Feelings","publisher":{"@id":"https:\/\/boacustics.com\/#organization"},"potentialAction":[{"@type":"SearchAction","target":{"@type":"EntryPoint","urlTemplate":"https:\/\/boacustics.com\/?s={search_term_string}"},"query-input":{"@type":"PropertyValueSpecification","valueRequired":true,"valueName":"search_term_string"}}],"inLanguage":"en-US"},{"@type":"Organization","@id":"https:\/\/boacustics.com\/#organization","name":"BOAcustics","url":"https:\/\/boacustics.com\/","logo":{"@type":"ImageObject","inLanguage":"en-US","@id":"https:\/\/boacustics.com\/#\/schema\/logo\/image\/","url":"https:\/\/boacustics.com\/wp-content\/uploads\/2022\/11\/logo-tv-monocromatico.svg","contentUrl":"https:\/\/boacustics.com\/wp-content\/uploads\/2022\/11\/logo-tv-monocromatico.svg","width":1099,"height":316,"caption":"BOAcustics"},"image":{"@id":"https:\/\/boacustics.com\/#\/schema\/logo\/image\/"},"sameAs":["https:\/\/www.instagram.com\/boacustics\/","https:\/\/www.youtube.com\/channel\/UCd42orIp5TyeS2DVI4B2IwQ"]}]}},"_links":{"self":[{"href":"https:\/\/boacustics.com\/en\/wp-json\/wp\/v2\/pages\/566","targetHints":{"allow":["GET"]}}],"collection":[{"href":"https:\/\/boacustics.com\/en\/wp-json\/wp\/v2\/pages"}],"about":[{"href":"https:\/\/boacustics.com\/en\/wp-json\/wp\/v2\/types\/page"}],"author":[{"embeddable":true,"href":"https:\/\/boacustics.com\/en\/wp-json\/wp\/v2\/users\/2"}],"replies":[{"embeddable":true,"href":"https:\/\/boacustics.com\/en\/wp-json\/wp\/v2\/comments?post=566"}],"version-history":[{"count":0,"href":"https:\/\/boacustics.com\/en\/wp-json\/wp\/v2\/pages\/566\/revisions"}],"wp:attachment":[{"href":"https:\/\/boacustics.com\/en\/wp-json\/wp\/v2\/media?parent=566"}],"curies":[{"name":"wp","href":"https:\/\/api.w.org\/{rel}","templated":true}]}}