{"id":562,"date":"2022-10-20T09:43:34","date_gmt":"2022-10-20T09:43:34","guid":{"rendered":"https:\/\/boacustics.com\/?page_id=562"},"modified":"2025-12-07T10:37:23","modified_gmt":"2025-12-07T09:37:23","slug":"legal-notice","status":"publish","type":"page","link":"https:\/\/boacustics.com\/en\/aviso-legal\/","title":{"rendered":"Legal notice"},"content":{"rendered":"<div data-elementor-type=\"wp-page\" data-elementor-id=\"562\" class=\"elementor elementor-562\" data-elementor-post-type=\"page\">\n\t\t\t\t\t\t<section class=\"elementor-section elementor-top-section elementor-element elementor-element-10f66671 elementor-section-boxed elementor-section-height-default elementor-section-height-default\" data-id=\"10f66671\" data-element_type=\"section\" data-e-type=\"section\">\n\t\t\t\t\t\t<div class=\"elementor-container elementor-column-gap-default\">\n\t\t\t\t\t<div class=\"elementor-column elementor-col-100 elementor-top-column elementor-element elementor-element-77530dfe\" data-id=\"77530dfe\" data-element_type=\"column\" data-e-type=\"column\">\n\t\t\t<div class=\"elementor-widget-wrap elementor-element-populated\">\n\t\t\t\t\t\t<div class=\"elementor-element elementor-element-9769d08 elementor-widget elementor-widget-text-editor\" data-id=\"9769d08\" data-element_type=\"widget\" data-e-type=\"widget\" data-widget_type=\"text-editor.default\">\n\t\t\t\t<div class=\"elementor-widget-container\">\n\t\t\t\t\t\t\t\t\t<h4>Information in accordance with Article 10 of the LSSI<\/h4>\n<h3>The owner of this website is:<\/h3>\n<p>Identity: <strong>BOhifi Sound&amp;Video Equipments S.R.L.<\/strong><br \/>CIF: <strong>B55358329<br \/><\/strong>Address: <strong>Calle Iuques 107 Urbanitzaci\u00f3 Les Teules 107. 17246 Santa Cristina d\u2019Aro, Girona, Spain<br \/><\/strong>Phone: <strong><a href=\"tel:+34872202067\">+34 872 20 20 67<\/a><br \/><\/strong>Email<strong>:<\/strong> <a href=\"mailto:info@boacustics.com\"><strong>info@boacustics.com<\/strong><\/a><\/p>\n<h3>Terms of use<\/h3>\n<p style=\"text-align: justify;\">Use of this website implies full acceptance of the terms and conditions of this legal notice. Any disputes relating to this website will be governed exclusively by Spanish law. All users of this website, regardless of the territorial jurisdiction from which they access it, agree to comply with and respect these clauses, expressly waiving any other jurisdiction that may apply.<\/p>\n<h3>Intellectual and industrial property<\/h3>\n<p style=\"text-align: justify;\">All content on this website, including text, images, sounds, trademarks, logos, and other elements, as well as its substructure, design, color schemes, and presentation, is protected by industrial and intellectual property rights that users of this website must respect. Its transformation, alteration, public communication, or any other form of exploitation by any means is prohibited without the express authorization of <strong>BOhifi Sound&amp;Video Equipments S.R.L<\/strong>.<\/p>\n<h3>Responsibility for the content<\/h3>\n<p style=\"text-align: justify;\" class=\"translation-block\">Although <strong>BOhifi Sound&amp;Video Equipments S.R.L<\/strong> acts with the utmost diligence, it is possible that some data or information may not be completely up-to-date at the time the website user consults it. Therefore, the information presented on this website is for guidance purposes only and is not binding on <strong>BOhifi Sound&amp;Video Equipments S.R.L<\/strong><\/p>\n<p style=\"text-align: justify;\" class=\"translation-block\"><strong>BOhifi Sound&amp;Video Equipments S.R.L<\/strong>. will not be responsible for the information that may be obtained through links included on its website.<\/p>\n<p style=\"text-align: justify;\" class=\"translation-block\"><strong>BOhifi Sound&amp;Video Equipments S.R.L<\/strong> reserves the right to make modifications or updates to the information and any of the elements that make up the design and configuration of the website at any time and without prior notice.<\/p>\n<h3>Applicable law and jurisdiction<\/h3>\n<p style=\"text-align: justify;\">Use of this website implies full acceptance of the terms and conditions of this legal policy. Any disputes relating to this website will be governed exclusively by Spanish law, and the Spanish Courts and Tribunals will have jurisdiction over any matters arising from it. By accepting these terms, the user expressly waives any other jurisdiction that may apply under the current Spanish Civil Procedure Law.<\/p>\t\t\t\t\t\t\t\t<\/div>\n\t\t\t\t<\/div>\n\t\t\t\t\t<\/div>\n\t\t<\/div>\n\t\t\t\t\t<\/div>\n\t\t<\/section>\n\t\t\t\t<\/div>","protected":false},"excerpt":{"rendered":"<p>Informaci\u00f3n de conformidad con el art\u00edculo 10 de la LSSI El titular de esta web es: Identidad: BOhifi Sound&amp;Video Equipments S.R.L.CIF: B55358329Direcci\u00f3n: Calle Iuques 107 Urbanitzaci\u00f3 Les Teules 107. 17246 Santa Cristina d&#8217;Aro, Girona, SpainTel\u00e9fono: +34 872 20 20 67Correo electr\u00f3nico: info@boacustics.com Condiciones de uso El uso de esta web implica la aceptaci\u00f3n plena de [&hellip;]<\/p>\n","protected":false},"author":2,"featured_media":0,"parent":0,"menu_order":0,"comment_status":"closed","ping_status":"closed","template":"","meta":{"_acf_changed":false,"inline_featured_image":false,"footnotes":""},"class_list":["post-562","page","type-page","status-publish","hentry"],"acf":[],"yoast_head":"<!-- This site is optimized with the Yoast SEO plugin v27.4 - https:\/\/yoast.com\/product\/yoast-seo-wordpress\/ -->\n<title>Aviso legal - BOAcustics<\/title>\n<meta name=\"robots\" content=\"index, follow, max-snippet:-1, max-image-preview:large, max-video-preview:-1\" \/>\n<link rel=\"canonical\" href=\"https:\/\/boacustics.com\/en\/legal-notice\/\" \/>\n<meta property=\"og:locale\" content=\"en_US\" \/>\n<meta property=\"og:type\" content=\"article\" \/>\n<meta property=\"og:title\" content=\"Aviso legal - BOAcustics\" \/>\n<meta property=\"og:description\" content=\"Informaci\u00f3n de conformidad con el art\u00edculo 10 de la LSSI El titular de esta web es: Identidad: BOhifi Sound&amp;Video Equipments S.R.L.CIF: B55358329Direcci\u00f3n: Calle Iuques 107 Urbanitzaci\u00f3 Les Teules 107. 17246 Santa Cristina d&#8217;Aro, Girona, SpainTel\u00e9fono: +34 872 20 20 67Correo electr\u00f3nico: info@boacustics.com Condiciones de uso El uso de esta web implica la aceptaci\u00f3n plena de [&hellip;]\" \/>\n<meta property=\"og:url\" content=\"https:\/\/boacustics.com\/en\/legal-notice\/\" \/>\n<meta property=\"og:site_name\" content=\"BOAcustics\" \/>\n<meta property=\"article:modified_time\" content=\"2025-12-07T09:37:23+00:00\" \/>\n<meta name=\"twitter:card\" content=\"summary_large_image\" \/>\n<meta name=\"twitter:label1\" content=\"Est. reading time\" \/>\n\t<meta name=\"twitter:data1\" content=\"2 minutes\" \/>\n<script type=\"application\/ld+json\" class=\"yoast-schema-graph\">{\"@context\":\"https:\\\/\\\/schema.org\",\"@graph\":[{\"@type\":\"WebPage\",\"@id\":\"https:\\\/\\\/boacustics.com\\\/aviso-legal\\\/\",\"url\":\"https:\\\/\\\/boacustics.com\\\/aviso-legal\\\/\",\"name\":\"Aviso legal - BOAcustics\",\"isPartOf\":{\"@id\":\"https:\\\/\\\/boacustics.com\\\/#website\"},\"datePublished\":\"2022-10-20T09:43:34+00:00\",\"dateModified\":\"2025-12-07T09:37:23+00:00\",\"breadcrumb\":{\"@id\":\"https:\\\/\\\/boacustics.com\\\/aviso-legal\\\/#breadcrumb\"},\"inLanguage\":\"en-US\",\"potentialAction\":[{\"@type\":\"ReadAction\",\"target\":[\"https:\\\/\\\/boacustics.com\\\/aviso-legal\\\/\"]}]},{\"@type\":\"BreadcrumbList\",\"@id\":\"https:\\\/\\\/boacustics.com\\\/aviso-legal\\\/#breadcrumb\",\"itemListElement\":[{\"@type\":\"ListItem\",\"position\":1,\"name\":\"Portada\",\"item\":\"https:\\\/\\\/boacustics.com\\\/\"},{\"@type\":\"ListItem\",\"position\":2,\"name\":\"Aviso legal\"}]},{\"@type\":\"WebSite\",\"@id\":\"https:\\\/\\\/boacustics.com\\\/#website\",\"url\":\"https:\\\/\\\/boacustics.com\\\/\",\"name\":\"BOAcustics\",\"description\":\"Hi-Tech Feelings\",\"publisher\":{\"@id\":\"https:\\\/\\\/boacustics.com\\\/#organization\"},\"potentialAction\":[{\"@type\":\"SearchAction\",\"target\":{\"@type\":\"EntryPoint\",\"urlTemplate\":\"https:\\\/\\\/boacustics.com\\\/?s={search_term_string}\"},\"query-input\":{\"@type\":\"PropertyValueSpecification\",\"valueRequired\":true,\"valueName\":\"search_term_string\"}}],\"inLanguage\":\"en-US\"},{\"@type\":\"Organization\",\"@id\":\"https:\\\/\\\/boacustics.com\\\/#organization\",\"name\":\"BOAcustics\",\"url\":\"https:\\\/\\\/boacustics.com\\\/\",\"logo\":{\"@type\":\"ImageObject\",\"inLanguage\":\"en-US\",\"@id\":\"https:\\\/\\\/boacustics.com\\\/#\\\/schema\\\/logo\\\/image\\\/\",\"url\":\"https:\\\/\\\/boacustics.com\\\/wp-content\\\/uploads\\\/2022\\\/11\\\/logo-tv-monocromatico.svg\",\"contentUrl\":\"https:\\\/\\\/boacustics.com\\\/wp-content\\\/uploads\\\/2022\\\/11\\\/logo-tv-monocromatico.svg\",\"width\":1099,\"height\":316,\"caption\":\"BOAcustics\"},\"image\":{\"@id\":\"https:\\\/\\\/boacustics.com\\\/#\\\/schema\\\/logo\\\/image\\\/\"},\"sameAs\":[\"https:\\\/\\\/www.instagram.com\\\/boacustics\\\/\",\"https:\\\/\\\/www.youtube.com\\\/channel\\\/UCd42orIp5TyeS2DVI4B2IwQ\"]}]}<\/script>\n<!-- \/ Yoast SEO plugin. -->","yoast_head_json":{"title":"Legal notice - BOAcustics","robots":{"index":"index","follow":"follow","max-snippet":"max-snippet:-1","max-image-preview":"max-image-preview:large","max-video-preview":"max-video-preview:-1"},"canonical":"https:\/\/boacustics.com\/en\/legal-notice\/","og_locale":"en_US","og_type":"article","og_title":"Aviso legal - BOAcustics","og_description":"Informaci\u00f3n de conformidad con el art\u00edculo 10 de la LSSI El titular de esta web es: Identidad: BOhifi Sound&amp;Video Equipments S.R.L.CIF: B55358329Direcci\u00f3n: Calle Iuques 107 Urbanitzaci\u00f3 Les Teules 107. 17246 Santa Cristina d&#8217;Aro, Girona, SpainTel\u00e9fono: +34 872 20 20 67Correo electr\u00f3nico: info@boacustics.com Condiciones de uso El uso de esta web implica la aceptaci\u00f3n plena de [&hellip;]","og_url":"https:\/\/boacustics.com\/en\/legal-notice\/","og_site_name":"BOAcustics","article_modified_time":"2025-12-07T09:37:23+00:00","twitter_card":"summary_large_image","twitter_misc":{"Est. reading time":"2 minutes"},"schema":{"@context":"https:\/\/schema.org","@graph":[{"@type":"WebPage","@id":"https:\/\/boacustics.com\/aviso-legal\/","url":"https:\/\/boacustics.com\/aviso-legal\/","name":"Legal notice - BOAcustics","isPartOf":{"@id":"https:\/\/boacustics.com\/#website"},"datePublished":"2022-10-20T09:43:34+00:00","dateModified":"2025-12-07T09:37:23+00:00","breadcrumb":{"@id":"https:\/\/boacustics.com\/aviso-legal\/#breadcrumb"},"inLanguage":"en-US","potentialAction":[{"@type":"ReadAction","target":["https:\/\/boacustics.com\/aviso-legal\/"]}]},{"@type":"BreadcrumbList","@id":"https:\/\/boacustics.com\/aviso-legal\/#breadcrumb","itemListElement":[{"@type":"ListItem","position":1,"name":"Portada","item":"https:\/\/boacustics.com\/"},{"@type":"ListItem","position":2,"name":"Aviso legal"}]},{"@type":"WebSite","@id":"https:\/\/boacustics.com\/#website","url":"https:\/\/boacustics.com\/","name":"BOAcustics","description":"Hi-Tech Feelings","publisher":{"@id":"https:\/\/boacustics.com\/#organization"},"potentialAction":[{"@type":"SearchAction","target":{"@type":"EntryPoint","urlTemplate":"https:\/\/boacustics.com\/?s={search_term_string}"},"query-input":{"@type":"PropertyValueSpecification","valueRequired":true,"valueName":"search_term_string"}}],"inLanguage":"en-US"},{"@type":"Organization","@id":"https:\/\/boacustics.com\/#organization","name":"BOAcustics","url":"https:\/\/boacustics.com\/","logo":{"@type":"ImageObject","inLanguage":"en-US","@id":"https:\/\/boacustics.com\/#\/schema\/logo\/image\/","url":"https:\/\/boacustics.com\/wp-content\/uploads\/2022\/11\/logo-tv-monocromatico.svg","contentUrl":"https:\/\/boacustics.com\/wp-content\/uploads\/2022\/11\/logo-tv-monocromatico.svg","width":1099,"height":316,"caption":"BOAcustics"},"image":{"@id":"https:\/\/boacustics.com\/#\/schema\/logo\/image\/"},"sameAs":["https:\/\/www.instagram.com\/boacustics\/","https:\/\/www.youtube.com\/channel\/UCd42orIp5TyeS2DVI4B2IwQ"]}]}},"_links":{"self":[{"href":"https:\/\/boacustics.com\/en\/wp-json\/wp\/v2\/pages\/562","targetHints":{"allow":["GET"]}}],"collection":[{"href":"https:\/\/boacustics.com\/en\/wp-json\/wp\/v2\/pages"}],"about":[{"href":"https:\/\/boacustics.com\/en\/wp-json\/wp\/v2\/types\/page"}],"author":[{"embeddable":true,"href":"https:\/\/boacustics.com\/en\/wp-json\/wp\/v2\/users\/2"}],"replies":[{"embeddable":true,"href":"https:\/\/boacustics.com\/en\/wp-json\/wp\/v2\/comments?post=562"}],"version-history":[{"count":0,"href":"https:\/\/boacustics.com\/en\/wp-json\/wp\/v2\/pages\/562\/revisions"}],"wp:attachment":[{"href":"https:\/\/boacustics.com\/en\/wp-json\/wp\/v2\/media?parent=562"}],"curies":[{"name":"wp","href":"https:\/\/api.w.org\/{rel}","templated":true}]}}