{"id":275,"date":"2022-10-18T14:11:20","date_gmt":"2022-10-18T14:11:20","guid":{"rendered":"https:\/\/boacustics.com\/?page_id=275"},"modified":"2025-12-17T16:33:08","modified_gmt":"2025-12-17T15:33:08","slug":"contact","status":"publish","type":"page","link":"https:\/\/boacustics.com\/en\/contacto\/","title":{"rendered":"Contact"},"content":{"rendered":"\t\t<div data-elementor-type=\"wp-page\" data-elementor-id=\"275\" class=\"elementor elementor-275\" data-elementor-post-type=\"page\">\n\t\t\t\t\t\t<section class=\"elementor-section elementor-top-section elementor-element elementor-element-6f736f0 elementor-section-full_width elementor-section-height-default elementor-section-height-default\" data-id=\"6f736f0\" data-element_type=\"section\" data-e-type=\"section\">\n\t\t\t\t\t\t<div class=\"elementor-container elementor-column-gap-no\">\n\t\t\t\t\t<div class=\"elementor-column elementor-col-50 elementor-top-column elementor-element elementor-element-b864386\" data-id=\"b864386\" data-element_type=\"column\" data-e-type=\"column\" data-settings=\"{&quot;background_background&quot;:&quot;classic&quot;}\">\n\t\t\t<div class=\"elementor-widget-wrap elementor-element-populated\">\n\t\t\t\t\t\t<div class=\"elementor-element elementor-element-d38f5ce elementor-widget elementor-widget-heading\" data-id=\"d38f5ce\" data-element_type=\"widget\" data-e-type=\"widget\" data-widget_type=\"heading.default\">\n\t\t\t\t<div class=\"elementor-widget-container\">\n\t\t\t\t\t<h2 class=\"elementor-heading-title elementor-size-default\"><a href=\"https:\/\/www.youtube.com\/watch?v=MbXWrmQW-OE&#038;themeRefresh=1\" target=\"_blank\">Message in a bottle<\/a><\/h2>\t\t\t\t<\/div>\n\t\t\t\t<\/div>\n\t\t\t\t<div class=\"elementor-element elementor-element-4182b37 elementor-widget elementor-widget-text-editor\" data-id=\"4182b37\" data-element_type=\"widget\" data-e-type=\"widget\" data-widget_type=\"text-editor.default\">\n\t\t\t\t<div class=\"elementor-widget-container\">\n\t\t\t\t\t\t\t\t\t<p>Si tienes alguna duda te la resolveremos en menos de lo que dura un solo de guitarra de Jimi Hendrix.<\/p>\t\t\t\t\t\t\t\t<\/div>\n\t\t\t\t<\/div>\n\t\t\t\t<div class=\"elementor-element elementor-element-d87b4a5 contact-links elementor-widget elementor-widget-text-editor\" data-id=\"d87b4a5\" data-element_type=\"widget\" data-e-type=\"widget\" id=\"contact-links\" data-widget_type=\"text-editor.default\">\n\t\t\t\t<div class=\"elementor-widget-container\">\n\t\t\t\t\t\t\t\t\t<div class=\"site-footer__item site-footer__item--one-quarter \"><div class=\"site-footer__item-inner site-footer__item-inner--text\"><div class=\"site-footer__rte \"><h4><strong>Boacustics Spain:<\/strong><\/h4><p><a href=\"mailto:info@boacustics.com\">info@boacustics.com<\/a><br \/><a href=\"tel:+34 695 07 65 28\">+34 695 07 65 28<\/a> <br \/><a href=\"tel:+34872202067\">+34 872 20 20 67 <\/a><\/p><\/div><\/div><\/div>\t\t\t\t\t\t\t\t<\/div>\n\t\t\t\t<\/div>\n\t\t\t\t\t<\/div>\n\t\t<\/div>\n\t\t\t\t<div class=\"elementor-column elementor-col-50 elementor-top-column elementor-element elementor-element-fa97c6d\" data-id=\"fa97c6d\" data-element_type=\"column\" data-e-type=\"column\" data-settings=\"{&quot;background_background&quot;:&quot;classic&quot;}\">\n\t\t\t<div class=\"elementor-widget-wrap elementor-element-populated\">\n\t\t\t\t\t\t<div class=\"elementor-element elementor-element-d8460ac elementor-button-align-start elementor-widget elementor-widget-form\" data-id=\"d8460ac\" data-element_type=\"widget\" data-e-type=\"widget\" data-settings=\"{&quot;step_next_label&quot;:&quot;Next&quot;,&quot;step_previous_label&quot;:&quot;Previous&quot;,&quot;button_width&quot;:&quot;100&quot;,&quot;step_type&quot;:&quot;number_text&quot;,&quot;step_icon_shape&quot;:&quot;circle&quot;}\" data-widget_type=\"form.default\">\n\t\t\t\t<div class=\"elementor-widget-container\">\n\t\t\t\t\t\t\t<form class=\"elementor-form\" method=\"post\" id=\"contacto\" name=\"Formulario Contacto\" aria-label=\"Formulario Contacto\">\n\t\t\t<input type=\"hidden\" name=\"post_id\" value=\"275\"\/>\n\t\t\t<input type=\"hidden\" name=\"form_id\" value=\"d8460ac\"\/>\n\t\t\t<input type=\"hidden\" name=\"referer_title\" value=\"BOAcustics\" \/>\n\n\t\t\t\n\t\t\t<div class=\"elementor-form-fields-wrapper elementor-labels-above\">\n\t\t\t\t\t\t\t\t<div class=\"elementor-field-type-text elementor-field-group elementor-column elementor-field-group-name elementor-col-100 elementor-field-required\">\n\t\t\t\t\t\t\t\t\t\t\t\t<label for=\"form-field-name\" class=\"elementor-field-label\">\n\t\t\t\t\t\t\t\tNombre\t\t\t\t\t\t\t<\/label>\n\t\t\t\t\t\t\t\t\t\t\t\t\t\t<input size=\"1\" type=\"text\" name=\"form_fields[name]\" id=\"form-field-name\" class=\"elementor-field elementor-size-md  elementor-field-textual\" placeholder=\"Nombre\" required=\"required\">\n\t\t\t\t\t\t\t\t\t\t\t<\/div>\n\t\t\t\t\t\t\t\t<div class=\"elementor-field-type-email elementor-field-group elementor-column elementor-field-group-email elementor-col-100 elementor-field-required\">\n\t\t\t\t\t\t\t\t\t\t\t\t<label for=\"form-field-email\" class=\"elementor-field-label\">\n\t\t\t\t\t\t\t\tCorreo electr\u00f3nico\t\t\t\t\t\t\t<\/label>\n\t\t\t\t\t\t\t\t\t\t\t\t\t\t<input size=\"1\" type=\"email\" name=\"form_fields[email]\" id=\"form-field-email\" class=\"elementor-field elementor-size-md  elementor-field-textual\" placeholder=\"Correo electr\u00f3nico\" required=\"required\">\n\t\t\t\t\t\t\t\t\t\t\t<\/div>\n\t\t\t\t\t\t\t\t<div class=\"elementor-field-type-textarea elementor-field-group elementor-column elementor-field-group-message elementor-col-100 elementor-field-required\">\n\t\t\t\t\t\t\t\t\t\t\t\t<label for=\"form-field-message\" class=\"elementor-field-label\">\n\t\t\t\t\t\t\t\tMensaje\t\t\t\t\t\t\t<\/label>\n\t\t\t\t\t\t<textarea class=\"elementor-field-textual elementor-field  elementor-size-md\" name=\"form_fields[message]\" id=\"form-field-message\" rows=\"4\" placeholder=\"Mensaje\" required=\"required\"><\/textarea>\t\t\t\t<\/div>\n\t\t\t\t\t\t\t\t<div class=\"elementor-field-type-html elementor-field-group elementor-column elementor-field-group-field_8247d57 elementor-col-100\">\n\t\t\t\t\t<p style=\"background-color: #fff; text-align: justify; padding: 4px 6px 6px 6px; line-height: 0.8;\"><span style=\"font-size: 7pt; \"><b>BOhifi Sound&Video Equipments S.R.L.<\/b> informa que los datos de car\u00e1cter personal que nos proporciones rellenando este formulario ser\u00e1n tratados por nuestra empresa como responsable \u00faltima de esta web | La finalidad de la recogida y tratamiento de los datos personales que te solicitamos es enviarte nuestras publicaciones, promociones de productos y\/o servicios y recursos exclusivos | Al marcar la casilla de aceptaci\u00f3n, est\u00e1s dando tu leg\u00edtimo consentimiento para que tus datos sean tratados conforme a las finalidades de este formulario descritas en la <a href=\"https:\/\/boacustics.com\/politica-privacidad\/\" target=\"_blank\" rel=\"noopener\"><b>pol\u00edtica de privacidad<\/b><\/a> | Como usuario e interesado te informamos que los datos que nos facilitas estar\u00e1n ubicados en los servidores de <b>Estudi 33<\/b> (administrador del servidor de alojamiento web), garantizando la empresa unos niveles de seguridad adecuados (<a href=\"https:\/\/www.estudi33.net\/politica-de-privacitat\/\" target=\"_blank\" rel=\"noopener\">ver <b>pol\u00edtica de privacidad de Estudi 33<\/b><\/a>) | Podr\u00e1s ejercer tus derechos de acceso, rectificaci\u00f3n, limitaci\u00f3n y suprimir los datos en <a href=\"mailto:nfo@boacustics.com\">nfo@boacustics.com<\/a>. Puedes consultar la informaci\u00f3n adicional y detallada sobre Protecci\u00f3n de Datos en nuestra <a href=\"https:\/\/boacustics.com\/politica-privacidad\/\" target=\"_blank\" rel=\"noopener\"><b>pol\u00edtica de privacidad<\/b>.<\/a><\/span><\/p>\n\t\t\t\t<\/div>\n\t\t\t\t\t\t\t\t<div class=\"elementor-field-type-text\">\n\t\t\t\t\t<input size=\"1\" type=\"text\" name=\"form_fields[field_2890d80]\" id=\"form-field-field_2890d80\" class=\"elementor-field elementor-size-md \" style=\"display:none !important;\">\t\t\t\t<\/div>\n\t\t\t\t\t\t\t\t<div class=\"elementor-field-type-acceptance elementor-field-group elementor-column elementor-field-group-field_e0a8ac7 elementor-col-100 elementor-field-required\">\n\t\t\t\t\t\t\t<div class=\"elementor-field-subgroup\">\n\t\t\t<span class=\"elementor-field-option\">\n\t\t\t\t<input type=\"checkbox\" name=\"form_fields[field_e0a8ac7]\" id=\"form-field-field_e0a8ac7\" class=\"elementor-field elementor-size-md  elementor-acceptance-field\" required=\"required\">\n\t\t\t\t<label for=\"form-field-field_e0a8ac7\">He le\u00eddo y acepto los t\u00e9rminos y condiciones de <a href=https:\/\/boacustics.com\/politica-privacidad\/ target='_blank'><em>protecci\u00f3n de datos y pol\u00edtica de privacidad.<\/em><\/a><\/label>\t\t\t<\/span>\n\t\t<\/div>\n\t\t\t\t\t\t<\/div>\n\t\t\t\t\t\t\t\t<div class=\"elementor-field-type-acceptance elementor-field-group elementor-column elementor-field-group-field_ecaf849 elementor-col-100\">\n\t\t\t\t\t\t\t<div class=\"elementor-field-subgroup\">\n\t\t\t<span class=\"elementor-field-option\">\n\t\t\t\t<input type=\"checkbox\" name=\"form_fields[field_ecaf849]\" id=\"form-field-field_ecaf849\" class=\"elementor-field elementor-size-md  elementor-acceptance-field\">\n\t\t\t\t<label for=\"form-field-field_ecaf849\">Autorizo el tratamiento de mis datos para poder recibir informaci\u00f3n por medios electr\u00f3nicos.<\/label>\t\t\t<\/span>\n\t\t<\/div>\n\t\t\t\t\t\t<\/div>\n\t\t\t\t\t\t\t\t<div class=\"elementor-field-group elementor-column elementor-field-type-submit elementor-col-100 e-form__buttons\">\n\t\t\t\t\t<button class=\"elementor-button elementor-size-xs\" type=\"submit\">\n\t\t\t\t\t\t<span class=\"elementor-button-content-wrapper\">\n\t\t\t\t\t\t\t\t\t\t\t\t\t\t\t\t\t\t\t\t\t\t<span class=\"elementor-button-text\">ENVIAR<\/span>\n\t\t\t\t\t\t\t\t\t\t\t\t\t<\/span>\n\t\t\t\t\t<\/button>\n\t\t\t\t<\/div>\n\t\t\t<\/div>\n\t\t<\/form>\n\t\t\t\t\t\t<\/div>\n\t\t\t\t<\/div>\n\t\t\t\t\t<\/div>\n\t\t<\/div>\n\t\t\t\t\t<\/div>\n\t\t<\/section>\n\t\t\t\t<\/div>\n\t\t","protected":false},"excerpt":{"rendered":"<p>Message in a bottle If you have any questions we will solve them in less time than a Jimi Hendrix guitar solo. Boacustics Spain: info@boacustics.com+34 695 07 65 28 +34 872 20 20 67<\/p>","protected":false},"author":2,"featured_media":0,"parent":0,"menu_order":0,"comment_status":"closed","ping_status":"closed","template":"elementor_header_footer","meta":{"_acf_changed":false,"inline_featured_image":false,"footnotes":""},"class_list":["post-275","page","type-page","status-publish","hentry"],"acf":[],"yoast_head":"<!-- This site is optimized with the Yoast SEO plugin v27.4 - https:\/\/yoast.com\/product\/yoast-seo-wordpress\/ -->\n<title>Contacto - BOAcustics<\/title>\n<meta name=\"robots\" content=\"index, follow, max-snippet:-1, max-image-preview:large, max-video-preview:-1\" \/>\n<link rel=\"canonical\" href=\"https:\/\/boacustics.com\/en\/contact\/\" \/>\n<meta property=\"og:locale\" content=\"en_US\" \/>\n<meta property=\"og:type\" content=\"article\" \/>\n<meta property=\"og:title\" content=\"Contacto - BOAcustics\" \/>\n<meta property=\"og:description\" content=\"Message in a bottle Si tienes alguna duda te la resolveremos en menos de lo que dura un solo de guitarra de Jimi Hendrix. Boacustics Spain: info@boacustics.com+34 695 07 65 28 +34 872 20 20 67\" \/>\n<meta property=\"og:url\" content=\"https:\/\/boacustics.com\/en\/contact\/\" \/>\n<meta property=\"og:site_name\" content=\"BOAcustics\" \/>\n<meta property=\"article:modified_time\" content=\"2025-12-17T15:33:08+00:00\" \/>\n<meta name=\"twitter:card\" content=\"summary_large_image\" \/>\n<meta name=\"twitter:label1\" content=\"Est. reading time\" \/>\n\t<meta name=\"twitter:data1\" content=\"2 minutes\" \/>\n<script type=\"application\/ld+json\" class=\"yoast-schema-graph\">{\"@context\":\"https:\\\/\\\/schema.org\",\"@graph\":[{\"@type\":\"WebPage\",\"@id\":\"https:\\\/\\\/boacustics.com\\\/contacto\\\/\",\"url\":\"https:\\\/\\\/boacustics.com\\\/contacto\\\/\",\"name\":\"Contacto - BOAcustics\",\"isPartOf\":{\"@id\":\"https:\\\/\\\/boacustics.com\\\/#website\"},\"datePublished\":\"2022-10-18T14:11:20+00:00\",\"dateModified\":\"2025-12-17T15:33:08+00:00\",\"breadcrumb\":{\"@id\":\"https:\\\/\\\/boacustics.com\\\/contacto\\\/#breadcrumb\"},\"inLanguage\":\"en-US\",\"potentialAction\":[{\"@type\":\"ReadAction\",\"target\":[\"https:\\\/\\\/boacustics.com\\\/contacto\\\/\"]}]},{\"@type\":\"BreadcrumbList\",\"@id\":\"https:\\\/\\\/boacustics.com\\\/contacto\\\/#breadcrumb\",\"itemListElement\":[{\"@type\":\"ListItem\",\"position\":1,\"name\":\"Portada\",\"item\":\"https:\\\/\\\/boacustics.com\\\/\"},{\"@type\":\"ListItem\",\"position\":2,\"name\":\"Contacto\"}]},{\"@type\":\"WebSite\",\"@id\":\"https:\\\/\\\/boacustics.com\\\/#website\",\"url\":\"https:\\\/\\\/boacustics.com\\\/\",\"name\":\"BOAcustics\",\"description\":\"Hi-Tech Feelings\",\"publisher\":{\"@id\":\"https:\\\/\\\/boacustics.com\\\/#organization\"},\"potentialAction\":[{\"@type\":\"SearchAction\",\"target\":{\"@type\":\"EntryPoint\",\"urlTemplate\":\"https:\\\/\\\/boacustics.com\\\/?s={search_term_string}\"},\"query-input\":{\"@type\":\"PropertyValueSpecification\",\"valueRequired\":true,\"valueName\":\"search_term_string\"}}],\"inLanguage\":\"en-US\"},{\"@type\":\"Organization\",\"@id\":\"https:\\\/\\\/boacustics.com\\\/#organization\",\"name\":\"BOAcustics\",\"url\":\"https:\\\/\\\/boacustics.com\\\/\",\"logo\":{\"@type\":\"ImageObject\",\"inLanguage\":\"en-US\",\"@id\":\"https:\\\/\\\/boacustics.com\\\/#\\\/schema\\\/logo\\\/image\\\/\",\"url\":\"https:\\\/\\\/boacustics.com\\\/wp-content\\\/uploads\\\/2022\\\/11\\\/logo-tv-monocromatico.svg\",\"contentUrl\":\"https:\\\/\\\/boacustics.com\\\/wp-content\\\/uploads\\\/2022\\\/11\\\/logo-tv-monocromatico.svg\",\"width\":1099,\"height\":316,\"caption\":\"BOAcustics\"},\"image\":{\"@id\":\"https:\\\/\\\/boacustics.com\\\/#\\\/schema\\\/logo\\\/image\\\/\"},\"sameAs\":[\"https:\\\/\\\/www.instagram.com\\\/boacustics\\\/\",\"https:\\\/\\\/www.youtube.com\\\/channel\\\/UCd42orIp5TyeS2DVI4B2IwQ\"]}]}<\/script>\n<!-- \/ Yoast SEO plugin. -->","yoast_head_json":{"title":"Contact - BOAcustics","robots":{"index":"index","follow":"follow","max-snippet":"max-snippet:-1","max-image-preview":"max-image-preview:large","max-video-preview":"max-video-preview:-1"},"canonical":"https:\/\/boacustics.com\/en\/contact\/","og_locale":"en_US","og_type":"article","og_title":"Contacto - BOAcustics","og_description":"Message in a bottle Si tienes alguna duda te la resolveremos en menos de lo que dura un solo de guitarra de Jimi Hendrix. Boacustics Spain: info@boacustics.com+34 695 07 65 28 +34 872 20 20 67","og_url":"https:\/\/boacustics.com\/en\/contact\/","og_site_name":"BOAcustics","article_modified_time":"2025-12-17T15:33:08+00:00","twitter_card":"summary_large_image","twitter_misc":{"Est. reading time":"2 minutes"},"schema":{"@context":"https:\/\/schema.org","@graph":[{"@type":"WebPage","@id":"https:\/\/boacustics.com\/contacto\/","url":"https:\/\/boacustics.com\/contacto\/","name":"Contact - BOAcustics","isPartOf":{"@id":"https:\/\/boacustics.com\/#website"},"datePublished":"2022-10-18T14:11:20+00:00","dateModified":"2025-12-17T15:33:08+00:00","breadcrumb":{"@id":"https:\/\/boacustics.com\/contacto\/#breadcrumb"},"inLanguage":"en-US","potentialAction":[{"@type":"ReadAction","target":["https:\/\/boacustics.com\/contacto\/"]}]},{"@type":"BreadcrumbList","@id":"https:\/\/boacustics.com\/contacto\/#breadcrumb","itemListElement":[{"@type":"ListItem","position":1,"name":"Portada","item":"https:\/\/boacustics.com\/"},{"@type":"ListItem","position":2,"name":"Contacto"}]},{"@type":"WebSite","@id":"https:\/\/boacustics.com\/#website","url":"https:\/\/boacustics.com\/","name":"BOAcustics","description":"Hi-Tech Feelings","publisher":{"@id":"https:\/\/boacustics.com\/#organization"},"potentialAction":[{"@type":"SearchAction","target":{"@type":"EntryPoint","urlTemplate":"https:\/\/boacustics.com\/?s={search_term_string}"},"query-input":{"@type":"PropertyValueSpecification","valueRequired":true,"valueName":"search_term_string"}}],"inLanguage":"en-US"},{"@type":"Organization","@id":"https:\/\/boacustics.com\/#organization","name":"BOAcustics","url":"https:\/\/boacustics.com\/","logo":{"@type":"ImageObject","inLanguage":"en-US","@id":"https:\/\/boacustics.com\/#\/schema\/logo\/image\/","url":"https:\/\/boacustics.com\/wp-content\/uploads\/2022\/11\/logo-tv-monocromatico.svg","contentUrl":"https:\/\/boacustics.com\/wp-content\/uploads\/2022\/11\/logo-tv-monocromatico.svg","width":1099,"height":316,"caption":"BOAcustics"},"image":{"@id":"https:\/\/boacustics.com\/#\/schema\/logo\/image\/"},"sameAs":["https:\/\/www.instagram.com\/boacustics\/","https:\/\/www.youtube.com\/channel\/UCd42orIp5TyeS2DVI4B2IwQ"]}]}},"_links":{"self":[{"href":"https:\/\/boacustics.com\/en\/wp-json\/wp\/v2\/pages\/275","targetHints":{"allow":["GET"]}}],"collection":[{"href":"https:\/\/boacustics.com\/en\/wp-json\/wp\/v2\/pages"}],"about":[{"href":"https:\/\/boacustics.com\/en\/wp-json\/wp\/v2\/types\/page"}],"author":[{"embeddable":true,"href":"https:\/\/boacustics.com\/en\/wp-json\/wp\/v2\/users\/2"}],"replies":[{"embeddable":true,"href":"https:\/\/boacustics.com\/en\/wp-json\/wp\/v2\/comments?post=275"}],"version-history":[{"count":0,"href":"https:\/\/boacustics.com\/en\/wp-json\/wp\/v2\/pages\/275\/revisions"}],"wp:attachment":[{"href":"https:\/\/boacustics.com\/en\/wp-json\/wp\/v2\/media?parent=275"}],"curies":[{"name":"wp","href":"https:\/\/api.w.org\/{rel}","templated":true}]}}